{"id":163,"date":"2017-04-25T13:34:01","date_gmt":"2017-04-25T11:34:01","guid":{"rendered":"http:\/\/brauchtumsverein-ndh.de\/?page_id=163"},"modified":"2019-11-06T20:59:47","modified_gmt":"2019-11-06T19:59:47","slug":"keltern","status":"publish","type":"page","link":"https:\/\/brauchtumsverein-ndh.de\/?page_id=163","title":{"rendered":"Keltern"},"content":{"rendered":"\n<p><strong>Das Projekt mit Kindern, heisst &#8222;Von der Bl\u00fcte zum Apfel\u201c und endet beim Saftpressen. Die Erwachsenen keltern aus dem Saft dann Apfelwein.<\/strong><\/p>\n\n\n\n<p>Ablauf: Im M\u00e4rz, Juni und August wird gemeinsam die Apfelwiese aufgesucht. Hier k\u00f6nnen die Kinder erleben, wie sich im Jahreskreislauf der Apfelbaum ver\u00e4ndert und sich die Entstehung von der Bl\u00fcte hin zum Apfel vollzieht. Sie lernen dabei viele Einflussfaktoren kennen.<\/p>\n\n\n\n<p>Als n\u00e4chster Schritt, steht dann im Herbst die Ernte und Verarbeitung der \u00c4pfel an. Die Kinder helfen beim Lesen der \u00c4pfel, transportieren kleine Mengen in die KiTa-Einrichtung und pressen die \u00c4pfel zu Saft und\/oder verarbeiten sie zu Trockenobst.<\/p>\n\n\n\n<p>Baumschnittkurs: Die Kinder erlernen selbstst\u00e4ndig die Notwendigkeit der Baumpflege zu erkennen und f\u00fchren diese eigenst\u00e4ndig unter fachlicher Anleitung von Fachwarten durch.<\/p>\n\n\n\n<p>Inhalt: Kurze theoretische Einweisung, fachlicher Baumschnitt,&nbsp;Zertifikat.<\/p>\n\n\n\n<p>F\u00fcr die Erwachsenen steht dann als letzter Schritt, das Keltern an, um aus gutem Apfelsaft leckeren Apfelwein zu machen.<\/p>\n\n\n<h2 class=\"display-posts-title\">Hier findest du die aktuellen Artikel zum Thema:<\/h2>\n<div class=\"display-posts-listing image-left\"><div class=\"listing-item\"><a class=\"image\" href=\"https:\/\/brauchtumsverein-ndh.de\/?p=39492\"><img loading=\"lazy\" decoding=\"async\" width=\"150\" height=\"150\" src=\"https:\/\/brauchtumsverein-ndh.de\/wp-content\/uploads\/2024\/09\/IMG_1209-150x150.jpeg\" class=\"attachment-thumbnail size-thumbnail wp-post-image\" alt=\"\" \/><\/a> <a class=\"title\" href=\"https:\/\/brauchtumsverein-ndh.de\/?p=39492\">Kartoffel- und Keltersaison beendet<\/a> <span class=\"excerpt-dash\">-<\/span> <span class=\"excerpt\">Seit vielen Jahren bietet der Brauchtumsverein innerhalb seines p\u00e4dagogischen Konzeptes, Mitmachangebote f\u00fcr Kinder, an. Fr\u00fchkartoffelernte So wurde das seit 2019 bestehende Kartoffelprojekt fortgef\u00fchrt. Am 1. September kamen die Kinder der Einrichtung am D\u00f6rnweg und am 09. September eine Grundschulklasse aus <a class=\"more-link\" href=\"https:\/\/brauchtumsverein-ndh.de\/?p=39492\">weiterlesen...<\/a><\/span><\/div><div class=\"listing-item\"><a class=\"image\" href=\"https:\/\/brauchtumsverein-ndh.de\/?p=39461\"><img loading=\"lazy\" decoding=\"async\" width=\"150\" height=\"150\" src=\"https:\/\/brauchtumsverein-ndh.de\/wp-content\/uploads\/2025\/08\/88015e64-225f-44ab-8d4f-d89abb241f2f-150x150.jpeg\" class=\"attachment-thumbnail size-thumbnail wp-post-image\" alt=\"\" \/><\/a> <a class=\"title\" href=\"https:\/\/brauchtumsverein-ndh.de\/?p=39461\">Keltern im Rosenweg<\/a> <span class=\"excerpt-dash\">-<\/span> <span class=\"excerpt\">Viel Spa\u00df beim Keltern des BV Niederh\u00f6chstadt in der KiTa Rosenweg am 26.08.2025 90 Kinder aus der Kindereinrichtung am Rosenweg haben gemeinsam mit den Mitgliedern des Brauchtumsvereins, Burhan D\u00f6ndu, J\u00fcrgen Lamberty, Josef und Peter Henrich gemeinsam \u00c4pfel gepresst. Die am <a class=\"more-link\" href=\"https:\/\/brauchtumsverein-ndh.de\/?p=39461\">weiterlesen...<\/a><\/span><\/div><div class=\"listing-item\"><a class=\"image\" href=\"https:\/\/brauchtumsverein-ndh.de\/?p=39136\"><img loading=\"lazy\" decoding=\"async\" width=\"150\" height=\"150\" src=\"https:\/\/brauchtumsverein-ndh.de\/wp-content\/uploads\/2024\/09\/95cb9caa-37fa-43e2-b620-37115d7a0794-150x150.jpeg\" class=\"attachment-thumbnail size-thumbnail wp-post-image\" alt=\"\" \/><\/a> <a class=\"title\" href=\"https:\/\/brauchtumsverein-ndh.de\/?p=39136\">\u00d6ffentliches Keltern<\/a> <span class=\"excerpt-dash\">-<\/span> <span class=\"excerpt\">Nachdem am Freitag 9 Mitglieder des BV Niederh\u00f6chstadt flei\u00dfig \u00c4pfel gelesen hatten, konnten diese am Samstag den 21.09.2024 gekeltert werden. An die&nbsp;50 G\u00e4ste waren der Einladung vom Brauchtumsverein Niederh\u00f6chstadt zum gemeinsamen&nbsp;Apfelpressen auf dem \u201cPlatz an der Linde\u201c gefolgt. Kind und <a class=\"more-link\" href=\"https:\/\/brauchtumsverein-ndh.de\/?p=39136\">weiterlesen...<\/a><\/span><\/div><div class=\"listing-item\"><a class=\"image\" href=\"https:\/\/brauchtumsverein-ndh.de\/?p=39100\"><img loading=\"lazy\" decoding=\"async\" width=\"150\" height=\"150\" src=\"https:\/\/brauchtumsverein-ndh.de\/wp-content\/uploads\/2024\/09\/IMG_1213-150x150.jpeg\" class=\"attachment-thumbnail size-thumbnail wp-post-image\" alt=\"\" \/><\/a> <a class=\"title\" href=\"https:\/\/brauchtumsverein-ndh.de\/?p=39100\">Spa\u00df beim herbstlichen Apfelsaft pressen<\/a> <span class=\"excerpt-dash\">-<\/span> <span class=\"excerpt\">Wie aus ganzen \u00c4pfeln mit viel Spa\u00df naturbelassener und k\u00f6stlicher Saft entsteht!&nbsp; Der Brauchtumsverein&nbsp;Niederh\u00f6chstadt&nbsp;kelterte am&nbsp;Donnerstag den&nbsp;05.09 in der KiTa&nbsp;D\u00f6rnweg. Mit 55&nbsp;Kindernwurden also \u00c4pfel klein geh\u00e4ckselt und zu Saft gepresst.&nbsp;Was kann es im&nbsp;Niederh\u00f6chst\u00e4dter&nbsp;Apfelort&nbsp;Besseres geben &#8211; \u00c4pfel wachsen quasi vor der Haust\u00fcr. <a class=\"more-link\" href=\"https:\/\/brauchtumsverein-ndh.de\/?p=39100\">weiterlesen...<\/a><\/span><\/div><div class=\"listing-item\"><a class=\"image\" href=\"https:\/\/brauchtumsverein-ndh.de\/?p=38919\"><img loading=\"lazy\" decoding=\"async\" width=\"150\" height=\"150\" src=\"https:\/\/brauchtumsverein-ndh.de\/wp-content\/uploads\/2023\/10\/IMG_8241-150x150.jpeg\" class=\"attachment-thumbnail size-thumbnail wp-post-image\" alt=\"\" \/><\/a> <a class=\"title\" href=\"https:\/\/brauchtumsverein-ndh.de\/?p=38919\">Brotverkauf, Backen und Keltern, ein voller Erfolg<\/a> <span class=\"excerpt-dash\">-<\/span> <span class=\"excerpt\">An die 100 G\u00e4ste waren \u00fcber den Zeitraum von 11-15 Uhr zum \u201cPlatz an der Linde\u201c gekommen, um mit dem Brauchtumsverein \u00c4pfel zu frischem S\u00fc\u00dfen zu keltern. 14 Brote aus dem Sauerteig von Andy\u2018s Backstube wurden verkauft. 4 verk\u00f6stigt und <a class=\"more-link\" href=\"https:\/\/brauchtumsverein-ndh.de\/?p=38919\">weiterlesen...<\/a><\/span><\/div><div class=\"listing-item\"><a class=\"image\" href=\"https:\/\/brauchtumsverein-ndh.de\/?p=38895\"><img loading=\"lazy\" decoding=\"async\" width=\"150\" height=\"150\" src=\"https:\/\/brauchtumsverein-ndh.de\/wp-content\/uploads\/2019\/11\/33D9E6F1-3947-4E36-B72F-04D8F9B1A203-150x150.jpeg\" class=\"attachment-thumbnail size-thumbnail wp-post-image\" alt=\"\" \/><\/a> <a class=\"title\" href=\"https:\/\/brauchtumsverein-ndh.de\/?p=38895\">Apfellese<\/a> <span class=\"excerpt-dash\">-<\/span> <span class=\"excerpt\">Die \u00c4pfel sind gelesen. Jetzt kann am Samstag den 07.10.2023 gekeltert werden. Ab 13 Uhr am \u201ePlatz an der Linde\u201c geht es los. Dazu kann ab 14 Uhr Sauerteigbrot verkostet werden. Ansonsten sind ist die Kapazit\u00e4t des mobilen Brotbackofens ausgesch\u00f6pft. <a class=\"more-link\" href=\"https:\/\/brauchtumsverein-ndh.de\/?p=38895\">weiterlesen...<\/a><\/span><\/div><div class=\"listing-item\"><a class=\"image\" href=\"https:\/\/brauchtumsverein-ndh.de\/?p=38868\"><img loading=\"lazy\" decoding=\"async\" width=\"150\" height=\"150\" src=\"https:\/\/brauchtumsverein-ndh.de\/wp-content\/uploads\/2023\/09\/db2ce98d-5b7c-44ba-bd93-1be1b3c4a9ce-150x150.jpeg\" class=\"attachment-thumbnail size-thumbnail wp-post-image\" alt=\"\" \/><\/a> <a class=\"title\" href=\"https:\/\/brauchtumsverein-ndh.de\/?p=38868\">Keltern mit den KiTa\u2018s<\/a> <span class=\"excerpt-dash\">-<\/span> <span class=\"excerpt\">Spa\u00df beim Apfelsaftpressen Wie aus ganzen \u00c4pfeln mit viel Spa\u00df naturbelassener und k\u00f6stlicher Saft entsteht!&nbsp;Hmmm! Kein Vergleich mit Gekauftem aus Flasche oder Tetra-Pack aus dem Supermarkt!!!&nbsp; Der Brauchtumsverein kelterte am Freitag den 14.09 in der KiTa Rosenweg und am Mittwoch, <a class=\"more-link\" href=\"https:\/\/brauchtumsverein-ndh.de\/?p=38868\">weiterlesen...<\/a><\/span><\/div><div class=\"listing-item\"><a class=\"image\" href=\"https:\/\/brauchtumsverein-ndh.de\/?p=38595\"><img loading=\"lazy\" decoding=\"async\" width=\"150\" height=\"150\" src=\"https:\/\/brauchtumsverein-ndh.de\/wp-content\/uploads\/2022\/08\/B89D5666-2A8D-4A96-802A-CB5355DD0C36-150x150.jpeg\" class=\"attachment-thumbnail size-thumbnail wp-post-image\" alt=\"\" \/><\/a> <a class=\"title\" href=\"https:\/\/brauchtumsverein-ndh.de\/?p=38595\">Apfelsaft selbst gemacht<\/a> <span class=\"excerpt-dash\">-<\/span> <span class=\"excerpt\">In der KiTa Weing\u00e4rten wurden mit Mitgliedern des Brauchtumsvereins 100 kg \u00c4pfel zu Apfelsaft gepresst. Daf\u00fcr wurde eine Hydropresse mit 80 l Fassungsverm\u00f6gen, die mit Wasserdruck arbeitet, verwendet. Kinder, Erzieher*innen und Vereinsaktive hatten viel Freude dabei.<\/span><\/div><div class=\"listing-item\"><a class=\"image\" href=\"https:\/\/brauchtumsverein-ndh.de\/?p=1557\"><img loading=\"lazy\" decoding=\"async\" width=\"150\" height=\"150\" src=\"https:\/\/brauchtumsverein-ndh.de\/wp-content\/uploads\/2019\/10\/50EF5701-13D4-4F80-9455-0A95D6357E07-150x150.jpeg\" class=\"attachment-thumbnail size-thumbnail wp-post-image\" alt=\"\" \/><\/a> <a class=\"title\" href=\"https:\/\/brauchtumsverein-ndh.de\/?p=1557\">Sch\u00fcler der Heinrich von Kleist Schule Eschborn machen Apfelsaft selbst<\/a> <span class=\"excerpt-dash\">-<\/span> <span class=\"excerpt\">Einfach direkt auf den Link oder die \u00dcberschrift klicken. https:\/\/www.kleist-schule.de\/index.php\/aktuelles\/hvk-nachrichten\/306-hvk-schueler-innen-keltern-eigenen-apfelsaft<\/span><\/div><div class=\"listing-item\"><a class=\"image\" href=\"https:\/\/brauchtumsverein-ndh.de\/?p=1465\"><img loading=\"lazy\" decoding=\"async\" width=\"150\" height=\"150\" src=\"https:\/\/brauchtumsverein-ndh.de\/wp-content\/uploads\/2019\/10\/88015e64-225f-44ab-8d4f-d89abb241f2f-150x150.jpg\" class=\"attachment-thumbnail size-thumbnail wp-post-image\" alt=\"\" \/><\/a> <a class=\"title\" href=\"https:\/\/brauchtumsverein-ndh.de\/?p=1465\">Schaukeltern am 05.10.2019<\/a> <span class=\"excerpt-dash\">-<\/span> <span class=\"excerpt\">Am Samstag kamen einige Besucher um dem Schaukeltern des Brauchtumsvereins beizuwohnen. Anbei Fotos zum Verlauf \u201eVon der Bl\u00fcte bis zum Saft\u201c Warum es sich lohnt selbst Apfelsaft zu pressen. Wer einen Garten mit Apfelbaum oder gar eine Streuobstwiese sollte selbst <a class=\"more-link\" href=\"https:\/\/brauchtumsverein-ndh.de\/?p=1465\">weiterlesen...<\/a><\/span><\/div><\/div>\n\n\n\n<ul class=\"wp-block-gallery columns-3 is-cropped wp-block-gallery-1 is-layout-flex wp-block-gallery-is-layout-flex\"><li class=\"blocks-gallery-item\"><figure><img loading=\"lazy\" decoding=\"async\" width=\"929\" height=\"542\" src=\"http:\/\/brauchtumsverein-ndh.de\/wp-content\/uploads\/2019\/04\/C2E40C23-F297-42BE-A441-AFFE902FA301.jpeg\" alt=\"\" data-id=\"1131\" data-link=\"http:\/\/brauchtumsverein-ndh.de\/?attachment_id=1131\" class=\"wp-image-1131\" srcset=\"https:\/\/brauchtumsverein-ndh.de\/wp-content\/uploads\/2019\/04\/C2E40C23-F297-42BE-A441-AFFE902FA301.jpeg 929w, https:\/\/brauchtumsverein-ndh.de\/wp-content\/uploads\/2019\/04\/C2E40C23-F297-42BE-A441-AFFE902FA301-300x175.jpeg 300w, https:\/\/brauchtumsverein-ndh.de\/wp-content\/uploads\/2019\/04\/C2E40C23-F297-42BE-A441-AFFE902FA301-768x448.jpeg 768w\" sizes=\"auto, (max-width: 929px) 100vw, 929px\" \/><figcaption>Bl\u00fctenkuss<\/figcaption><\/figure><\/li><li class=\"blocks-gallery-item\"><figure><img loading=\"lazy\" decoding=\"async\" width=\"525\" height=\"611\" src=\"http:\/\/brauchtumsverein-ndh.de\/wp-content\/uploads\/2019\/10\/IMG_3744.jpg\" alt=\"\" data-id=\"1475\" data-link=\"http:\/\/brauchtumsverein-ndh.de\/?attachment_id=1475\" class=\"wp-image-1475\" srcset=\"https:\/\/brauchtumsverein-ndh.de\/wp-content\/uploads\/2019\/10\/IMG_3744.jpg 525w, https:\/\/brauchtumsverein-ndh.de\/wp-content\/uploads\/2019\/10\/IMG_3744-258x300.jpg 258w\" sizes=\"auto, (max-width: 525px) 100vw, 525px\" \/><figcaption>Apfelbaum <\/figcaption><\/figure><\/li><li class=\"blocks-gallery-item\"><figure><img loading=\"lazy\" decoding=\"async\" width=\"534\" height=\"594\" src=\"http:\/\/brauchtumsverein-ndh.de\/wp-content\/uploads\/2019\/10\/Roter-Apfel.jpg\" alt=\"\" data-id=\"1470\" data-link=\"http:\/\/brauchtumsverein-ndh.de\/?attachment_id=1470\" class=\"wp-image-1470\" srcset=\"https:\/\/brauchtumsverein-ndh.de\/wp-content\/uploads\/2019\/10\/Roter-Apfel.jpg 534w, https:\/\/brauchtumsverein-ndh.de\/wp-content\/uploads\/2019\/10\/Roter-Apfel-270x300.jpg 270w\" sizes=\"auto, (max-width: 534px) 100vw, 534px\" \/><figcaption>Apfel in voller Pracht<\/figcaption><\/figure><\/li><li class=\"blocks-gallery-item\"><figure><img loading=\"lazy\" decoding=\"async\" width=\"1024\" height=\"848\" src=\"http:\/\/brauchtumsverein-ndh.de\/wp-content\/uploads\/2019\/10\/93143E1C-A49A-4833-A063-01455258E4FB-1024x848.jpeg\" alt=\"\" data-id=\"1495\" data-link=\"http:\/\/brauchtumsverein-ndh.de\/?attachment_id=1495\" class=\"wp-image-1495\" srcset=\"https:\/\/brauchtumsverein-ndh.de\/wp-content\/uploads\/2019\/10\/93143E1C-A49A-4833-A063-01455258E4FB-1024x848.jpeg 1024w, https:\/\/brauchtumsverein-ndh.de\/wp-content\/uploads\/2019\/10\/93143E1C-A49A-4833-A063-01455258E4FB-300x248.jpeg 300w, https:\/\/brauchtumsverein-ndh.de\/wp-content\/uploads\/2019\/10\/93143E1C-A49A-4833-A063-01455258E4FB-768x636.jpeg 768w, https:\/\/brauchtumsverein-ndh.de\/wp-content\/uploads\/2019\/10\/93143E1C-A49A-4833-A063-01455258E4FB.jpeg 1132w\" sizes=\"auto, (max-width: 1024px) 100vw, 1024px\" \/><figcaption>Ernte<\/figcaption><\/figure><\/li><li class=\"blocks-gallery-item\"><figure><img loading=\"lazy\" decoding=\"async\" width=\"903\" height=\"928\" src=\"http:\/\/brauchtumsverein-ndh.de\/wp-content\/uploads\/2019\/10\/C25A3C53-8C3C-442E-A494-5D09AA87EF20.jpeg\" alt=\"\" data-id=\"1524\" data-link=\"http:\/\/brauchtumsverein-ndh.de\/?attachment_id=1524#main\" class=\"wp-image-1524\" srcset=\"https:\/\/brauchtumsverein-ndh.de\/wp-content\/uploads\/2019\/10\/C25A3C53-8C3C-442E-A494-5D09AA87EF20.jpeg 903w, https:\/\/brauchtumsverein-ndh.de\/wp-content\/uploads\/2019\/10\/C25A3C53-8C3C-442E-A494-5D09AA87EF20-292x300.jpeg 292w, https:\/\/brauchtumsverein-ndh.de\/wp-content\/uploads\/2019\/10\/C25A3C53-8C3C-442E-A494-5D09AA87EF20-768x789.jpeg 768w\" sizes=\"auto, (max-width: 903px) 100vw, 903px\" \/><figcaption>Zerkleinerer<\/figcaption><\/figure><\/li><li class=\"blocks-gallery-item\"><figure><img loading=\"lazy\" decoding=\"async\" width=\"884\" height=\"913\" src=\"http:\/\/brauchtumsverein-ndh.de\/wp-content\/uploads\/2019\/10\/9588B4FE-2019-4BD4-9B4C-469067991DE7.jpeg\" alt=\"\" data-id=\"1525\" data-link=\"http:\/\/brauchtumsverein-ndh.de\/?attachment_id=1525#main\" class=\"wp-image-1525\" srcset=\"https:\/\/brauchtumsverein-ndh.de\/wp-content\/uploads\/2019\/10\/9588B4FE-2019-4BD4-9B4C-469067991DE7.jpeg 884w, https:\/\/brauchtumsverein-ndh.de\/wp-content\/uploads\/2019\/10\/9588B4FE-2019-4BD4-9B4C-469067991DE7-290x300.jpeg 290w, https:\/\/brauchtumsverein-ndh.de\/wp-content\/uploads\/2019\/10\/9588B4FE-2019-4BD4-9B4C-469067991DE7-768x793.jpeg 768w\" sizes=\"auto, (max-width: 884px) 100vw, 884px\" \/><figcaption>Keltern wie fr\u00fcher<\/figcaption><\/figure><\/li><li class=\"blocks-gallery-item\"><figure><img loading=\"lazy\" decoding=\"async\" width=\"640\" height=\"480\" src=\"http:\/\/brauchtumsverein-ndh.de\/wp-content\/uploads\/2019\/10\/F46742CA-EB7F-44A2-979A-F0F5BEE5FF40.jpeg\" alt=\"\" data-id=\"1542\" data-link=\"http:\/\/brauchtumsverein-ndh.de\/?attachment_id=1542\" class=\"wp-image-1542\" srcset=\"https:\/\/brauchtumsverein-ndh.de\/wp-content\/uploads\/2019\/10\/F46742CA-EB7F-44A2-979A-F0F5BEE5FF40.jpeg 640w, https:\/\/brauchtumsverein-ndh.de\/wp-content\/uploads\/2019\/10\/F46742CA-EB7F-44A2-979A-F0F5BEE5FF40-300x225.jpeg 300w\" sizes=\"auto, (max-width: 640px) 100vw, 640px\" \/><figcaption>Keltern heute <\/figcaption><\/figure><\/li><li class=\"blocks-gallery-item\"><figure><img loading=\"lazy\" decoding=\"async\" width=\"480\" height=\"640\" src=\"http:\/\/brauchtumsverein-ndh.de\/wp-content\/uploads\/2019\/10\/ED628DB5-B67B-4B88-AE35-8A0DECC4AAEB.jpeg\" alt=\"\" data-id=\"1512\" data-link=\"http:\/\/brauchtumsverein-ndh.de\/?attachment_id=1512#main\" class=\"wp-image-1512\" srcset=\"https:\/\/brauchtumsverein-ndh.de\/wp-content\/uploads\/2019\/10\/ED628DB5-B67B-4B88-AE35-8A0DECC4AAEB.jpeg 480w, https:\/\/brauchtumsverein-ndh.de\/wp-content\/uploads\/2019\/10\/ED628DB5-B67B-4B88-AE35-8A0DECC4AAEB-225x300.jpeg 225w\" sizes=\"auto, (max-width: 480px) 100vw, 480px\" \/><figcaption>S\u00fc\u00dfer <\/figcaption><\/figure><\/li><li class=\"blocks-gallery-item\"><figure><img loading=\"lazy\" decoding=\"async\" width=\"426\" height=\"654\" src=\"http:\/\/brauchtumsverein-ndh.de\/wp-content\/uploads\/2019\/08\/F8920F47-AB60-43F6-A022-A46816395CC9.jpeg\" alt=\"\" data-id=\"1417\" data-link=\"http:\/\/brauchtumsverein-ndh.de\/?attachment_id=1417\" class=\"wp-image-1417\" srcset=\"https:\/\/brauchtumsverein-ndh.de\/wp-content\/uploads\/2019\/08\/F8920F47-AB60-43F6-A022-A46816395CC9.jpeg 426w, https:\/\/brauchtumsverein-ndh.de\/wp-content\/uploads\/2019\/08\/F8920F47-AB60-43F6-A022-A46816395CC9-195x300.jpeg 195w\" sizes=\"auto, (max-width: 426px) 100vw, 426px\" \/><figcaption>Galone Apfelwein<\/figcaption><\/figure><\/li><li class=\"blocks-gallery-item\"><figure><img loading=\"lazy\" decoding=\"async\" width=\"768\" height=\"1024\" src=\"http:\/\/brauchtumsverein-ndh.de\/wp-content\/uploads\/2019\/04\/374BC956-C160-4882-B230-86ACD95BEF25-768x1024.jpeg\" alt=\"\" data-id=\"1136\" data-link=\"http:\/\/brauchtumsverein-ndh.de\/?attachment_id=1136#main\" class=\"wp-image-1136\" srcset=\"https:\/\/brauchtumsverein-ndh.de\/wp-content\/uploads\/2019\/04\/374BC956-C160-4882-B230-86ACD95BEF25-768x1024.jpeg 768w, https:\/\/brauchtumsverein-ndh.de\/wp-content\/uploads\/2019\/04\/374BC956-C160-4882-B230-86ACD95BEF25-225x300.jpeg 225w, https:\/\/brauchtumsverein-ndh.de\/wp-content\/uploads\/2019\/04\/374BC956-C160-4882-B230-86ACD95BEF25.jpeg 1200w\" sizes=\"auto, (max-width: 768px) 100vw, 768px\" \/><figcaption>Apfelwein im Gerippte<\/figcaption><\/figure><\/li><\/ul>\n","protected":false},"excerpt":{"rendered":"<p>Das Projekt mit Kindern, heisst &#8222;Von der Bl\u00fcte zum Apfel\u201c und endet beim Saftpressen. Die Erwachsenen keltern aus dem Saft dann Apfelwein. Ablauf: Im M\u00e4rz, Juni und August wird gemeinsam die Apfelwiese aufgesucht. Hier k\u00f6nnen die Kinder erleben, wie sich <a class=\"more-link\" href=\"https:\/\/brauchtumsverein-ndh.de\/?p=1465\">weiterlesen&#8230;<\/a><\/p>\n","protected":false},"author":10,"featured_media":1278,"parent":48,"menu_order":23,"comment_status":"closed","ping_status":"closed","template":"","meta":{"footnotes":""},"class_list":["post-163","page","type-page","status-publish","has-post-thumbnail","hentry"],"_links":{"self":[{"href":"https:\/\/brauchtumsverein-ndh.de\/index.php?rest_route=\/wp\/v2\/pages\/163","targetHints":{"allow":["GET"]}}],"collection":[{"href":"https:\/\/brauchtumsverein-ndh.de\/index.php?rest_route=\/wp\/v2\/pages"}],"about":[{"href":"https:\/\/brauchtumsverein-ndh.de\/index.php?rest_route=\/wp\/v2\/types\/page"}],"author":[{"embeddable":true,"href":"https:\/\/brauchtumsverein-ndh.de\/index.php?rest_route=\/wp\/v2\/users\/10"}],"replies":[{"embeddable":true,"href":"https:\/\/brauchtumsverein-ndh.de\/index.php?rest_route=%2Fwp%2Fv2%2Fcomments&post=163"}],"version-history":[{"count":7,"href":"https:\/\/brauchtumsverein-ndh.de\/index.php?rest_route=\/wp\/v2\/pages\/163\/revisions"}],"predecessor-version":[{"id":1658,"href":"https:\/\/brauchtumsverein-ndh.de\/index.php?rest_route=\/wp\/v2\/pages\/163\/revisions\/1658"}],"up":[{"embeddable":true,"href":"https:\/\/brauchtumsverein-ndh.de\/index.php?rest_route=\/wp\/v2\/pages\/48"}],"wp:featuredmedia":[{"embeddable":true,"href":"https:\/\/brauchtumsverein-ndh.de\/index.php?rest_route=\/wp\/v2\/media\/1278"}],"wp:attachment":[{"href":"https:\/\/brauchtumsverein-ndh.de\/index.php?rest_route=%2Fwp%2Fv2%2Fmedia&parent=163"}],"curies":[{"name":"wp","href":"https:\/\/api.w.org\/{rel}","templated":true}]}}