{"id":165,"date":"2017-04-25T13:54:32","date_gmt":"2017-04-25T11:54:32","guid":{"rendered":"http:\/\/brauchtumsverein-ndh.de\/?page_id=165"},"modified":"2019-11-11T13:57:10","modified_gmt":"2019-11-11T12:57:10","slug":"eier-faerben","status":"publish","type":"page","link":"https:\/\/brauchtumsverein-ndh.de\/?page_id=165","title":{"rendered":"Eier f\u00e4rben"},"content":{"rendered":"<p>Bei uns dem Brauchtumsverein Niederh\u00f6chstadt e. V.\u00a0 erfahren und erleben Sie mit Ihren Kindern, wie man mit Naturprodukten die Eier verzieren und dann einf\u00e4rben kann.<\/p>\n<p><strong>Warum geh\u00f6ren Ostereier dazu?<\/strong><\/p>\n<p>Ostern ohne Ostereier ist fast undenkbar. Die Tradition ist uralt: Schon vor der ersten Jahrtausendwende galten Ostereier als Sinnbild des Lebens und der Wiedergeburt. Damals schon waren sie ein wichtiger Bestandteil des religi\u00f6sen Osterfestes. Die Ostereier damals waren rot gef\u00e4rbt und wurden am Ostermorgen verschenkt. Dieses Geschenk war auch deshalb so beliebt, weil man in der Fastenzeit vor Ostern auf tierische Produkte wie Eier verzichtet hatte und sich nun besonders darauf freute.<\/p>\n<p>Im Laufe der Jahrhunderte bekamen die Ostereier auch andere Farben: Zum klassischen Rot gesellten sich Gelb, Gr\u00fcn, Blau und Gold. Heute sind der Kreativit\u00e4t beim F\u00e4rben, Gestalten und Bemalen der Ostereier keine Grenzen gesetzt.<\/p>\n<p>Ostereier lassen sich vielseitig gestalten!<\/p>\n<p>In jedem dritten Haushalt werden zu Ostern Eier bunt eingef\u00e4rbt. Die Farbstoffe gibt es zu kaufen, rund um Ostern in jedem Supermarkt.<\/p>\n<p>\u00a0<\/p>\n\n\n<ul class=\"wp-block-gallery columns-3 is-cropped wp-block-gallery-1 is-layout-flex wp-block-gallery-is-layout-flex\"><li class=\"blocks-gallery-item\"><figure><img loading=\"lazy\" decoding=\"async\" width=\"768\" height=\"1024\" src=\"https:\/\/brauchtumsverein-ndh.de\/wp-content\/uploads\/2019\/04\/7597376F-BCEB-4ED0-BF41-13F70B942EAB-e1555859138692-768x1024.jpeg\" alt=\"\" data-id=\"1132\" data-link=\"https:\/\/brauchtumsverein-ndh.de\/?attachment_id=1132\" class=\"wp-image-1132\" srcset=\"https:\/\/brauchtumsverein-ndh.de\/wp-content\/uploads\/2019\/04\/7597376F-BCEB-4ED0-BF41-13F70B942EAB-e1555859138692-768x1024.jpeg 768w, https:\/\/brauchtumsverein-ndh.de\/wp-content\/uploads\/2019\/04\/7597376F-BCEB-4ED0-BF41-13F70B942EAB-e1555859138692-225x300.jpeg 225w\" sizes=\"auto, (max-width: 768px) 100vw, 768px\" \/><figcaption>Vorbereitung der Eier<\/figcaption><\/figure><\/li><li class=\"blocks-gallery-item\"><figure><img loading=\"lazy\" decoding=\"async\" width=\"1024\" height=\"576\" src=\"https:\/\/brauchtumsverein-ndh.de\/wp-content\/uploads\/2019\/04\/71C4B390-34BA-4F4D-BB4F-B03097270BF1-1024x576.jpeg\" alt=\"\" data-id=\"1130\" data-link=\"https:\/\/brauchtumsverein-ndh.de\/?attachment_id=1130\" class=\"wp-image-1130\" srcset=\"https:\/\/brauchtumsverein-ndh.de\/wp-content\/uploads\/2019\/04\/71C4B390-34BA-4F4D-BB4F-B03097270BF1-1024x576.jpeg 1024w, https:\/\/brauchtumsverein-ndh.de\/wp-content\/uploads\/2019\/04\/71C4B390-34BA-4F4D-BB4F-B03097270BF1-300x169.jpeg 300w, https:\/\/brauchtumsverein-ndh.de\/wp-content\/uploads\/2019\/04\/71C4B390-34BA-4F4D-BB4F-B03097270BF1-768x432.jpeg 768w, https:\/\/brauchtumsverein-ndh.de\/wp-content\/uploads\/2019\/04\/71C4B390-34BA-4F4D-BB4F-B03097270BF1-780x439.jpeg 780w, https:\/\/brauchtumsverein-ndh.de\/wp-content\/uploads\/2019\/04\/71C4B390-34BA-4F4D-BB4F-B03097270BF1-800x450.jpeg 800w, https:\/\/brauchtumsverein-ndh.de\/wp-content\/uploads\/2019\/04\/71C4B390-34BA-4F4D-BB4F-B03097270BF1-400x225.jpeg 400w\" sizes=\"auto, (max-width: 1024px) 100vw, 1024px\" \/><figcaption>Zwiebelsud Foto: El\u00dfd\u00f6rfer<\/figcaption><\/figure><\/li><li class=\"blocks-gallery-item\"><figure><img loading=\"lazy\" decoding=\"async\" width=\"1024\" height=\"683\" src=\"https:\/\/brauchtumsverein-ndh.de\/wp-content\/uploads\/2019\/04\/CB982A52-33F0-4CEC-AA3D-3C2CB4D7AE74-1024x683.jpeg\" alt=\"\" data-id=\"1126\" data-link=\"https:\/\/brauchtumsverein-ndh.de\/?attachment_id=1126\" class=\"wp-image-1126\" srcset=\"https:\/\/brauchtumsverein-ndh.de\/wp-content\/uploads\/2019\/04\/CB982A52-33F0-4CEC-AA3D-3C2CB4D7AE74-1024x683.jpeg 1024w, https:\/\/brauchtumsverein-ndh.de\/wp-content\/uploads\/2019\/04\/CB982A52-33F0-4CEC-AA3D-3C2CB4D7AE74-300x200.jpeg 300w, https:\/\/brauchtumsverein-ndh.de\/wp-content\/uploads\/2019\/04\/CB982A52-33F0-4CEC-AA3D-3C2CB4D7AE74-768x513.jpeg 768w\" sizes=\"auto, (max-width: 1024px) 100vw, 1024px\" \/><figcaption>Eier aus dem Netz <br>Foto: El\u00dfd\u00f6rfer<\/figcaption><\/figure><\/li><li class=\"blocks-gallery-item\"><figure><img loading=\"lazy\" decoding=\"async\" width=\"1024\" height=\"683\" src=\"https:\/\/brauchtumsverein-ndh.de\/wp-content\/uploads\/2019\/04\/CB5D4FC1-782E-4DF4-A7F1-EE7AD6614B18-1024x683.jpeg\" alt=\"\" data-id=\"1125\" data-link=\"https:\/\/brauchtumsverein-ndh.de\/?attachment_id=1125\" class=\"wp-image-1125\" srcset=\"https:\/\/brauchtumsverein-ndh.de\/wp-content\/uploads\/2019\/04\/CB5D4FC1-782E-4DF4-A7F1-EE7AD6614B18-1024x683.jpeg 1024w, https:\/\/brauchtumsverein-ndh.de\/wp-content\/uploads\/2019\/04\/CB5D4FC1-782E-4DF4-A7F1-EE7AD6614B18-300x200.jpeg 300w, https:\/\/brauchtumsverein-ndh.de\/wp-content\/uploads\/2019\/04\/CB5D4FC1-782E-4DF4-A7F1-EE7AD6614B18-768x513.jpeg 768w\" sizes=\"auto, (max-width: 1024px) 100vw, 1024px\" \/><figcaption>Beid er Arbeit Foto: El\u00dfd\u00f6rfer<\/figcaption><\/figure><\/li><li class=\"blocks-gallery-item\"><figure><img loading=\"lazy\" decoding=\"async\" width=\"1024\" height=\"768\" src=\"https:\/\/brauchtumsverein-ndh.de\/wp-content\/uploads\/2019\/04\/Eier-f\u00e4rben-2019-10-1-1024x768.jpg\" alt=\"\" data-id=\"1086\" data-link=\"https:\/\/brauchtumsverein-ndh.de\/?attachment_id=1086#main\" class=\"wp-image-1086\" srcset=\"https:\/\/brauchtumsverein-ndh.de\/wp-content\/uploads\/2019\/04\/Eier-f\u00e4rben-2019-10-1-1024x768.jpg 1024w, https:\/\/brauchtumsverein-ndh.de\/wp-content\/uploads\/2019\/04\/Eier-f\u00e4rben-2019-10-1-300x225.jpg 300w, https:\/\/brauchtumsverein-ndh.de\/wp-content\/uploads\/2019\/04\/Eier-f\u00e4rben-2019-10-1-768x576.jpg 768w, https:\/\/brauchtumsverein-ndh.de\/wp-content\/uploads\/2019\/04\/Eier-f\u00e4rben-2019-10-1.jpg 2016w\" sizes=\"auto, (max-width: 1024px) 100vw, 1024px\" \/><figcaption>Fertige Eier mit Kr\u00e4utermotiv<\/figcaption><\/figure><\/li><li class=\"blocks-gallery-item\"><figure><img loading=\"lazy\" decoding=\"async\" width=\"1024\" height=\"768\" src=\"https:\/\/brauchtumsverein-ndh.de\/wp-content\/uploads\/2019\/04\/Eier-f\u00e4rben-2019-1-1-1024x768.jpg\" alt=\"\" data-id=\"1080\" data-link=\"https:\/\/brauchtumsverein-ndh.de\/?attachment_id=1080#main\" class=\"wp-image-1080\" srcset=\"https:\/\/brauchtumsverein-ndh.de\/wp-content\/uploads\/2019\/04\/Eier-f\u00e4rben-2019-1-1-1024x768.jpg 1024w, https:\/\/brauchtumsverein-ndh.de\/wp-content\/uploads\/2019\/04\/Eier-f\u00e4rben-2019-1-1-300x225.jpg 300w, https:\/\/brauchtumsverein-ndh.de\/wp-content\/uploads\/2019\/04\/Eier-f\u00e4rben-2019-1-1-768x576.jpg 768w, https:\/\/brauchtumsverein-ndh.de\/wp-content\/uploads\/2019\/04\/Eier-f\u00e4rben-2019-1-1.jpg 2016w\" sizes=\"auto, (max-width: 1024px) 100vw, 1024px\" \/><figcaption>Fertige Eier auf der Wiese<\/figcaption><\/figure><\/li><\/ul>\n","protected":false},"excerpt":{"rendered":"<p>Bei uns dem Brauchtumsverein Niederh\u00f6chstadt e. V.\u00a0 erfahren und erleben Sie mit Ihren Kindern, wie man mit Naturprodukten die Eier verzieren und dann einf\u00e4rben kann. Warum geh\u00f6ren Ostereier dazu? Ostern ohne Ostereier ist fast undenkbar. Die Tradition ist uralt: Schon <a class=\"more-link\" href=\"https:\/\/brauchtumsverein-ndh.de\/?page_id=165\">weiterlesen&#8230;<\/a><\/p>\n","protected":false},"author":10,"featured_media":0,"parent":48,"menu_order":24,"comment_status":"closed","ping_status":"closed","template":"","meta":{"footnotes":""},"class_list":["post-165","page","type-page","status-publish","hentry"],"_links":{"self":[{"href":"https:\/\/brauchtumsverein-ndh.de\/index.php?rest_route=\/wp\/v2\/pages\/165","targetHints":{"allow":["GET"]}}],"collection":[{"href":"https:\/\/brauchtumsverein-ndh.de\/index.php?rest_route=\/wp\/v2\/pages"}],"about":[{"href":"https:\/\/brauchtumsverein-ndh.de\/index.php?rest_route=\/wp\/v2\/types\/page"}],"author":[{"embeddable":true,"href":"https:\/\/brauchtumsverein-ndh.de\/index.php?rest_route=\/wp\/v2\/users\/10"}],"replies":[{"embeddable":true,"href":"https:\/\/brauchtumsverein-ndh.de\/index.php?rest_route=%2Fwp%2Fv2%2Fcomments&post=165"}],"version-history":[{"count":8,"href":"https:\/\/brauchtumsverein-ndh.de\/index.php?rest_route=\/wp\/v2\/pages\/165\/revisions"}],"predecessor-version":[{"id":2089,"href":"https:\/\/brauchtumsverein-ndh.de\/index.php?rest_route=\/wp\/v2\/pages\/165\/revisions\/2089"}],"up":[{"embeddable":true,"href":"https:\/\/brauchtumsverein-ndh.de\/index.php?rest_route=\/wp\/v2\/pages\/48"}],"wp:attachment":[{"href":"https:\/\/brauchtumsverein-ndh.de\/index.php?rest_route=%2Fwp%2Fv2%2Fmedia&parent=165"}],"curies":[{"name":"wp","href":"https:\/\/api.w.org\/{rel}","templated":true}]}}