{"id":181,"date":"2017-04-25T14:17:02","date_gmt":"2017-04-25T12:17:02","guid":{"rendered":"http:\/\/brauchtumsverein-ndh.de\/?page_id=181"},"modified":"2017-04-25T15:25:55","modified_gmt":"2017-04-25T13:25:55","slug":"anmeldung","status":"publish","type":"page","link":"https:\/\/brauchtumsverein-ndh.de\/?page_id=181","title":{"rendered":"Anmeldung"},"content":{"rendered":"<p>Hier k\u00f6nnen Sie sich per Mail f\u00fcr die gew\u00fcnschten Veranstaltungen anmelden.<br \/>\nEinfach auf den Link klicken und die Veranstaltung in den Betreff schreiben, anschlie\u00dfend noch die Teilnehmerzahl angeben.<\/p>\n<p><a href=\"mailto:brauchtumsverein-ndh@gmx.de\">Anmeldung<\/a><\/p>\n<p>&nbsp;<\/p>\n<p>&nbsp;<\/p>\n<p>&nbsp;<\/p>\n<p>&nbsp;<\/p>\n<p>&nbsp;<\/p>\n","protected":false},"excerpt":{"rendered":"<p>Hier k\u00f6nnen Sie sich per Mail f\u00fcr die gew\u00fcnschten Veranstaltungen anmelden. Einfach auf den Link klicken und die Veranstaltung in den Betreff schreiben, anschlie\u00dfend noch die Teilnehmerzahl angeben. Anmeldung &nbsp; &nbsp; &nbsp; &nbsp; &nbsp;<\/p>\n","protected":false},"author":10,"featured_media":0,"parent":0,"menu_order":25,"comment_status":"closed","ping_status":"closed","template":"","meta":{"footnotes":""},"class_list":["post-181","page","type-page","status-publish","hentry"],"_links":{"self":[{"href":"https:\/\/brauchtumsverein-ndh.de\/index.php?rest_route=\/wp\/v2\/pages\/181","targetHints":{"allow":["GET"]}}],"collection":[{"href":"https:\/\/brauchtumsverein-ndh.de\/index.php?rest_route=\/wp\/v2\/pages"}],"about":[{"href":"https:\/\/brauchtumsverein-ndh.de\/index.php?rest_route=\/wp\/v2\/types\/page"}],"author":[{"embeddable":true,"href":"https:\/\/brauchtumsverein-ndh.de\/index.php?rest_route=\/wp\/v2\/users\/10"}],"replies":[{"embeddable":true,"href":"https:\/\/brauchtumsverein-ndh.de\/index.php?rest_route=%2Fwp%2Fv2%2Fcomments&post=181"}],"version-history":[{"count":8,"href":"https:\/\/brauchtumsverein-ndh.de\/index.php?rest_route=\/wp\/v2\/pages\/181\/revisions"}],"predecessor-version":[{"id":193,"href":"https:\/\/brauchtumsverein-ndh.de\/index.php?rest_route=\/wp\/v2\/pages\/181\/revisions\/193"}],"wp:attachment":[{"href":"https:\/\/brauchtumsverein-ndh.de\/index.php?rest_route=%2Fwp%2Fv2%2Fmedia&parent=181"}],"curies":[{"name":"wp","href":"https:\/\/api.w.org\/{rel}","templated":true}]}}