{"id":2,"date":"2016-05-10T03:48:21","date_gmt":"2016-05-10T03:48:21","guid":{"rendered":"http:\/\/wp452m.a10-52-158-154.qa.plesk.ru\/wordpress\/?page_id=2"},"modified":"2021-08-27T15:29:35","modified_gmt":"2021-08-27T13:29:35","slug":"sample-page","status":"publish","type":"page","link":"https:\/\/brauchtumsverein-ndh.de\/?page_id=2","title":{"rendered":"\u00dcber uns"},"content":{"rendered":"<p><strong>Alte Handwerkskunst- und Lebenskunst erhalten<\/strong><\/p>\n<p>Der Brauchtumsverein e.V. m\u00f6chte den Blick auf das traditionelle Handwerk mit seiner Vielf\u00e4ltigkeit und seinen M\u00f6glichkeiten lenken.<\/p>\n<p>Wir wollen ein Bewusstsein daf\u00fcr schaffen, dass es zum Konsum von Billigartikeln als Hilfsger\u00e4te mit allen seinen Nachteilen f\u00fcr unsere Umwelt, Alternativen gibt.<\/p>\n<p>Wir m\u00f6chten, dass sich \u00f6fter die Frage gestellt wird: Muss es der Laubsauger mit all seinen Nachteilen f\u00fcr Mikroorganismen und Tieren sein, oder kann es auch der gute alte Rechen sein.<\/p>\n<p>Habe ich Zeit f\u00fcr die Sense oder muss es schnell gehen und deshalb nehme ich den Freischneider?<\/p>\n<p>Was habe ich sonst f\u00fcr umweltschonende L\u00f6sungsm\u00f6glichkeiten. M\u00f6chte ich etwa deshalb ein altes Handwerk erlernen?<\/p>\n<p>Habe ich die M\u00f6glichkeit H\u00fchner, Ziegen etc. zu halten und wie mache ich das dann am besten?<\/p>\n<h3><strong>Achtsamkeit statt Gedankenlosigkeit,<br \/>sowie Selbstmachen vor Kaufen ist unser Motto!<\/strong><\/h3>\n<p>Bisherige Aktivit\u00e4ten sind:<\/p>\n<ul>\n<li>Monatliches Brot backen mit mobilem Backofen\u00a0<\/li>\n<li>Teigseminare durchf\u00fchren<\/li>\n<li>Vorschulische Bildung; Brot und Br\u00f6tchen backen, Aufstriche wie Marmelade, Butter selbst machen<\/li>\n<li>Kartoffelprojekt (Setzen, Pflegen Ernten) mit Kindern\u00a0<\/li>\n<li>Frischk\u00e4seherstellung<\/li>\n<li>Herstellung veganer Brotaufstriche\u00a0<\/li>\n<li>Methoden zur Haltbarmachung von Obst und Gem\u00fcse erlernen<\/li>\n<li>Keltern; Apfelsaft pressen<\/li>\n<li>Sauerkraut selbst machen<\/li>\n<li>Hausmacher Bratwurst herstellen<\/li>\n<li>Kr\u00e4uterwanderung; Daraus Werzwisch binden und weihen lassen<\/li>\n<li>Kr\u00e4utersalz und Kr\u00e4uterquark fertigen<\/li>\n<li>Bodenbearbeitung\u00a0<\/li>\n<li>Alte Kartoffelsorten setzen und ernten<\/li>\n<li>Bl\u00fchstreifen f\u00fcr Insekten pflanzen<\/li>\n<li>Brauchtumsfeuer z\u00fcnden<\/li>\n<li>Flechten mit Weiden (K\u00f6rbe etc.)\u00a0<\/li>\n<li>Flechtfigur \u201eS\u00e4mann\u201c mit F\u00fcllhorn in den Oberwiesen aufgestellt und jahresgem\u00e4\u00dfes Dekorieren\u00a0<\/li>\n<li>Osterbr\u00e4uche pflegen (Eier in Zwiebelsud f\u00e4rben, Osternester bauen)<\/li>\n<li>Erntekrone zu Ernte Dank gefertigt\u00a0<\/li>\n<li>Rent a Huhn; Leihh\u00fchner f\u00fcr Kinderg\u00e4rten<\/li>\n<li>Holzbearbeitung<\/li>\n<li>Handarbeitskreis gegr\u00fcndet<\/li>\n<li>Feier der Rauhn\u00e4chte<\/li>\n<li>Aufstellen einer Bank im Eschborner Wald<\/li>\n<li>Ausfahrten mit alten Landmaschinen (Traktor, Hako etc.)<\/li>\n<li>Vorf\u00fchrungen der Getreideverarbeitung, Dengeln, S\u00e4gen, Flechten etc. am Niederh\u00f6chst\u00e4dter Markt<\/li>\n<\/ul>\n<p>Was haben wir noch so vor:<\/p>\n<ul>\n<li>Kr\u00e4uter setzen, ernten und daraus Kr\u00e4utertee herstellen<\/li>\n<li>Seile machen<\/li>\n<li>Wolle spinnen<\/li>\n<li>Weben<\/li>\n<li>R\u00e4uchern von Fleisch erlernen und selbst durchf\u00fchren\u00a0<\/li>\n<li>Austausch von historischem Wissen zu Niederh\u00f6chstadt und Mundart auffrischen<\/li>\n<li>Brunnen am Vereinshaus als Advents- und Osterbrunnen schm\u00fccken<\/li>\n<li>Honig produzieren\u00a0<\/li>\n<\/ul>\n\n\n<figure class=\"wp-block-image\"><img decoding=\"async\" src=\"http:\/\/brauchtumsverein-ndh.de\/wp-content\/uploads\/2019\/04\/Brauchtumsverein-Niederhoechstadt_2019-1.pdf\" alt=\"\" class=\"wp-image-891\"\/><\/figure>\n\n\n\n<div class=\"wp-block-file\"><a href=\"https:\/\/brauchtumsverein-ndh.de\/wp-content\/uploads\/2019\/04\/Brauchtumsverein-Niederhoechstadt_2019-2.pdf\"><br><\/a><a href=\"https:\/\/brauchtumsverein-ndh.de\/wp-content\/uploads\/2019\/04\/Brauchtumsverein-Niederhoechstadt_2019-2.pdf\" class=\"wp-block-file__button\" download>Herunterladen<\/a><\/div>\n\n\n\n<p><\/p>\n","protected":false},"excerpt":{"rendered":"<p>Alte Handwerkskunst- und Lebenskunst erhalten Der Brauchtumsverein e.V. m\u00f6chte den Blick auf das traditionelle Handwerk mit seiner Vielf\u00e4ltigkeit und seinen M\u00f6glichkeiten lenken. Wir wollen ein Bewusstsein daf\u00fcr schaffen, dass es zum Konsum von Billigartikeln als Hilfsger\u00e4te mit allen seinen Nachteilen <a class=\"more-link\" href=\"https:\/\/brauchtumsverein-ndh.de\/?page_id=2\">weiterlesen&#8230;<\/a><\/p>\n","protected":false},"author":1,"featured_media":12781,"parent":0,"menu_order":10,"comment_status":"closed","ping_status":"open","template":"","meta":{"footnotes":""},"class_list":["post-2","page","type-page","status-publish","has-post-thumbnail","hentry"],"_links":{"self":[{"href":"https:\/\/brauchtumsverein-ndh.de\/index.php?rest_route=\/wp\/v2\/pages\/2","targetHints":{"allow":["GET"]}}],"collection":[{"href":"https:\/\/brauchtumsverein-ndh.de\/index.php?rest_route=\/wp\/v2\/pages"}],"about":[{"href":"https:\/\/brauchtumsverein-ndh.de\/index.php?rest_route=\/wp\/v2\/types\/page"}],"author":[{"embeddable":true,"href":"https:\/\/brauchtumsverein-ndh.de\/index.php?rest_route=\/wp\/v2\/users\/1"}],"replies":[{"embeddable":true,"href":"https:\/\/brauchtumsverein-ndh.de\/index.php?rest_route=%2Fwp%2Fv2%2Fcomments&post=2"}],"version-history":[{"count":18,"href":"https:\/\/brauchtumsverein-ndh.de\/index.php?rest_route=\/wp\/v2\/pages\/2\/revisions"}],"predecessor-version":[{"id":38154,"href":"https:\/\/brauchtumsverein-ndh.de\/index.php?rest_route=\/wp\/v2\/pages\/2\/revisions\/38154"}],"wp:featuredmedia":[{"embeddable":true,"href":"https:\/\/brauchtumsverein-ndh.de\/index.php?rest_route=\/wp\/v2\/media\/12781"}],"wp:attachment":[{"href":"https:\/\/brauchtumsverein-ndh.de\/index.php?rest_route=%2Fwp%2Fv2%2Fmedia&parent=2"}],"curies":[{"name":"wp","href":"https:\/\/api.w.org\/{rel}","templated":true}]}}