{"id":227,"date":"2017-06-27T14:00:36","date_gmt":"2017-06-27T12:00:36","guid":{"rendered":"http:\/\/brauchtumsverein-ndh.de\/?page_id=227"},"modified":"2019-05-30T19:42:43","modified_gmt":"2019-05-30T17:42:43","slug":"sonnenwendfeuer","status":"publish","type":"page","link":"https:\/\/brauchtumsverein-ndh.de\/?page_id=227","title":{"rendered":"Brauchtumsfeuer"},"content":{"rendered":"<p>Ein typisches Brauchtumsfeuer mit Holzhackwettbewerb, sehen sie auf den eingef\u00fcgten Fotos. Brauchtumsfeuer, z\u00fcnden wir traditionell zur Sonnenwende oder in einer der Rauhn\u00e4chte. Die genauen Zeitpunkte gibt es rechtzeitig unter Termine.<\/p>\n<p><img loading=\"lazy\" decoding=\"async\" class=\"alignnone size-medium wp-image-228\" src=\"http:\/\/brauchtumsverein-ndh.de\/wp-content\/uploads\/2017\/06\/20170624_162123-300x225.jpg\" alt=\"\" width=\"300\" height=\"225\" srcset=\"https:\/\/brauchtumsverein-ndh.de\/wp-content\/uploads\/2017\/06\/20170624_162123-300x225.jpg 300w, https:\/\/brauchtumsverein-ndh.de\/wp-content\/uploads\/2017\/06\/20170624_162123-768x576.jpg 768w, https:\/\/brauchtumsverein-ndh.de\/wp-content\/uploads\/2017\/06\/20170624_162123-1024x768.jpg 1024w\" sizes=\"auto, (max-width: 300px) 100vw, 300px\" \/> <img loading=\"lazy\" decoding=\"async\" class=\"alignnone size-medium wp-image-229\" src=\"http:\/\/brauchtumsverein-ndh.de\/wp-content\/uploads\/2017\/06\/20170624_162140-300x225.jpg\" alt=\"\" width=\"300\" height=\"225\" srcset=\"https:\/\/brauchtumsverein-ndh.de\/wp-content\/uploads\/2017\/06\/20170624_162140-300x225.jpg 300w, https:\/\/brauchtumsverein-ndh.de\/wp-content\/uploads\/2017\/06\/20170624_162140-768x576.jpg 768w, https:\/\/brauchtumsverein-ndh.de\/wp-content\/uploads\/2017\/06\/20170624_162140-1024x768.jpg 1024w\" sizes=\"auto, (max-width: 300px) 100vw, 300px\" \/> <img loading=\"lazy\" decoding=\"async\" class=\"alignnone size-medium wp-image-230\" src=\"http:\/\/brauchtumsverein-ndh.de\/wp-content\/uploads\/2017\/06\/20170624_162706-300x225.jpg\" alt=\"\" width=\"300\" height=\"225\" srcset=\"https:\/\/brauchtumsverein-ndh.de\/wp-content\/uploads\/2017\/06\/20170624_162706-300x225.jpg 300w, https:\/\/brauchtumsverein-ndh.de\/wp-content\/uploads\/2017\/06\/20170624_162706-768x576.jpg 768w, https:\/\/brauchtumsverein-ndh.de\/wp-content\/uploads\/2017\/06\/20170624_162706-1024x768.jpg 1024w\" sizes=\"auto, (max-width: 300px) 100vw, 300px\" \/> <img loading=\"lazy\" decoding=\"async\" class=\"alignnone size-medium wp-image-231\" src=\"http:\/\/brauchtumsverein-ndh.de\/wp-content\/uploads\/2017\/06\/20170624_164341-300x225.jpg\" alt=\"\" width=\"300\" height=\"225\" srcset=\"https:\/\/brauchtumsverein-ndh.de\/wp-content\/uploads\/2017\/06\/20170624_164341-300x225.jpg 300w, https:\/\/brauchtumsverein-ndh.de\/wp-content\/uploads\/2017\/06\/20170624_164341-768x576.jpg 768w, https:\/\/brauchtumsverein-ndh.de\/wp-content\/uploads\/2017\/06\/20170624_164341-1024x768.jpg 1024w\" sizes=\"auto, (max-width: 300px) 100vw, 300px\" \/> <img loading=\"lazy\" decoding=\"async\" class=\"alignnone size-medium wp-image-232\" src=\"http:\/\/brauchtumsverein-ndh.de\/wp-content\/uploads\/2017\/06\/20170624_164630-300x225.jpg\" alt=\"\" width=\"300\" height=\"225\" srcset=\"https:\/\/brauchtumsverein-ndh.de\/wp-content\/uploads\/2017\/06\/20170624_164630-300x225.jpg 300w, https:\/\/brauchtumsverein-ndh.de\/wp-content\/uploads\/2017\/06\/20170624_164630-768x576.jpg 768w, https:\/\/brauchtumsverein-ndh.de\/wp-content\/uploads\/2017\/06\/20170624_164630-1024x768.jpg 1024w\" sizes=\"auto, (max-width: 300px) 100vw, 300px\" \/> <img loading=\"lazy\" decoding=\"async\" class=\"alignnone size-medium wp-image-233\" src=\"http:\/\/brauchtumsverein-ndh.de\/wp-content\/uploads\/2017\/06\/20170624_165335-300x225.jpg\" alt=\"\" width=\"300\" height=\"225\" srcset=\"https:\/\/brauchtumsverein-ndh.de\/wp-content\/uploads\/2017\/06\/20170624_165335-300x225.jpg 300w, https:\/\/brauchtumsverein-ndh.de\/wp-content\/uploads\/2017\/06\/20170624_165335-768x576.jpg 768w, https:\/\/brauchtumsverein-ndh.de\/wp-content\/uploads\/2017\/06\/20170624_165335-1024x768.jpg 1024w\" sizes=\"auto, (max-width: 300px) 100vw, 300px\" \/> <img loading=\"lazy\" decoding=\"async\" class=\"alignnone size-medium wp-image-234\" src=\"http:\/\/brauchtumsverein-ndh.de\/wp-content\/uploads\/2017\/06\/20170624_170717-225x300.jpg\" alt=\"\" width=\"225\" height=\"300\" srcset=\"https:\/\/brauchtumsverein-ndh.de\/wp-content\/uploads\/2017\/06\/20170624_170717-225x300.jpg 225w, https:\/\/brauchtumsverein-ndh.de\/wp-content\/uploads\/2017\/06\/20170624_170717-768x1024.jpg 768w\" sizes=\"auto, (max-width: 225px) 100vw, 225px\" \/> <img loading=\"lazy\" decoding=\"async\" class=\"alignnone size-medium wp-image-235\" src=\"http:\/\/brauchtumsverein-ndh.de\/wp-content\/uploads\/2017\/06\/20170624_170754-225x300.jpg\" alt=\"\" width=\"225\" height=\"300\" srcset=\"https:\/\/brauchtumsverein-ndh.de\/wp-content\/uploads\/2017\/06\/20170624_170754-225x300.jpg 225w, https:\/\/brauchtumsverein-ndh.de\/wp-content\/uploads\/2017\/06\/20170624_170754-768x1024.jpg 768w\" sizes=\"auto, (max-width: 225px) 100vw, 225px\" \/> <img loading=\"lazy\" decoding=\"async\" class=\"alignnone size-medium wp-image-236\" src=\"http:\/\/brauchtumsverein-ndh.de\/wp-content\/uploads\/2017\/06\/20170624_171153-300x225.jpg\" alt=\"\" width=\"300\" height=\"225\" srcset=\"https:\/\/brauchtumsverein-ndh.de\/wp-content\/uploads\/2017\/06\/20170624_171153-300x225.jpg 300w, https:\/\/brauchtumsverein-ndh.de\/wp-content\/uploads\/2017\/06\/20170624_171153-768x576.jpg 768w, https:\/\/brauchtumsverein-ndh.de\/wp-content\/uploads\/2017\/06\/20170624_171153-1024x768.jpg 1024w\" sizes=\"auto, (max-width: 300px) 100vw, 300px\" \/> <img loading=\"lazy\" decoding=\"async\" class=\"alignnone size-medium wp-image-237\" src=\"http:\/\/brauchtumsverein-ndh.de\/wp-content\/uploads\/2017\/06\/20170624_171305-300x225.jpg\" alt=\"\" width=\"300\" height=\"225\" srcset=\"https:\/\/brauchtumsverein-ndh.de\/wp-content\/uploads\/2017\/06\/20170624_171305-300x225.jpg 300w, https:\/\/brauchtumsverein-ndh.de\/wp-content\/uploads\/2017\/06\/20170624_171305-768x576.jpg 768w, https:\/\/brauchtumsverein-ndh.de\/wp-content\/uploads\/2017\/06\/20170624_171305-1024x768.jpg 1024w\" sizes=\"auto, (max-width: 300px) 100vw, 300px\" \/> <img loading=\"lazy\" decoding=\"async\" class=\"alignnone size-medium wp-image-238\" src=\"http:\/\/brauchtumsverein-ndh.de\/wp-content\/uploads\/2017\/06\/20170624_172736-300x225.jpg\" alt=\"\" width=\"300\" height=\"225\" srcset=\"https:\/\/brauchtumsverein-ndh.de\/wp-content\/uploads\/2017\/06\/20170624_172736-300x225.jpg 300w, https:\/\/brauchtumsverein-ndh.de\/wp-content\/uploads\/2017\/06\/20170624_172736-768x576.jpg 768w, https:\/\/brauchtumsverein-ndh.de\/wp-content\/uploads\/2017\/06\/20170624_172736-1024x768.jpg 1024w\" sizes=\"auto, (max-width: 300px) 100vw, 300px\" \/> <img loading=\"lazy\" decoding=\"async\" class=\"alignnone size-medium wp-image-239\" src=\"http:\/\/brauchtumsverein-ndh.de\/wp-content\/uploads\/2017\/06\/20170624_181851-300x225.jpg\" alt=\"\" width=\"300\" height=\"225\" srcset=\"https:\/\/brauchtumsverein-ndh.de\/wp-content\/uploads\/2017\/06\/20170624_181851-300x225.jpg 300w, https:\/\/brauchtumsverein-ndh.de\/wp-content\/uploads\/2017\/06\/20170624_181851-768x576.jpg 768w, https:\/\/brauchtumsverein-ndh.de\/wp-content\/uploads\/2017\/06\/20170624_181851-1024x768.jpg 1024w\" sizes=\"auto, (max-width: 300px) 100vw, 300px\" \/> <img loading=\"lazy\" decoding=\"async\" class=\"alignnone size-medium wp-image-240\" src=\"http:\/\/brauchtumsverein-ndh.de\/wp-content\/uploads\/2017\/06\/20170624_182000-300x225.jpg\" alt=\"\" width=\"300\" height=\"225\" srcset=\"https:\/\/brauchtumsverein-ndh.de\/wp-content\/uploads\/2017\/06\/20170624_182000-300x225.jpg 300w, https:\/\/brauchtumsverein-ndh.de\/wp-content\/uploads\/2017\/06\/20170624_182000-768x576.jpg 768w, https:\/\/brauchtumsverein-ndh.de\/wp-content\/uploads\/2017\/06\/20170624_182000-1024x768.jpg 1024w\" sizes=\"auto, (max-width: 300px) 100vw, 300px\" \/> <img loading=\"lazy\" decoding=\"async\" class=\"alignnone size-medium wp-image-241\" src=\"http:\/\/brauchtumsverein-ndh.de\/wp-content\/uploads\/2017\/06\/20170624_182042-300x225.jpg\" alt=\"\" width=\"300\" height=\"225\" srcset=\"https:\/\/brauchtumsverein-ndh.de\/wp-content\/uploads\/2017\/06\/20170624_182042-300x225.jpg 300w, https:\/\/brauchtumsverein-ndh.de\/wp-content\/uploads\/2017\/06\/20170624_182042-768x576.jpg 768w, https:\/\/brauchtumsverein-ndh.de\/wp-content\/uploads\/2017\/06\/20170624_182042-1024x768.jpg 1024w\" sizes=\"auto, (max-width: 300px) 100vw, 300px\" \/> <img loading=\"lazy\" decoding=\"async\" class=\"alignnone size-medium wp-image-242\" src=\"http:\/\/brauchtumsverein-ndh.de\/wp-content\/uploads\/2017\/06\/20170624_182126-300x225.jpg\" alt=\"\" width=\"300\" height=\"225\" srcset=\"https:\/\/brauchtumsverein-ndh.de\/wp-content\/uploads\/2017\/06\/20170624_182126-300x225.jpg 300w, https:\/\/brauchtumsverein-ndh.de\/wp-content\/uploads\/2017\/06\/20170624_182126-768x576.jpg 768w, https:\/\/brauchtumsverein-ndh.de\/wp-content\/uploads\/2017\/06\/20170624_182126-1024x768.jpg 1024w\" sizes=\"auto, (max-width: 300px) 100vw, 300px\" \/> <img loading=\"lazy\" decoding=\"async\" class=\"alignnone size-medium wp-image-243\" src=\"http:\/\/brauchtumsverein-ndh.de\/wp-content\/uploads\/2017\/06\/20170624_182129-300x225.jpg\" alt=\"\" width=\"300\" height=\"225\" srcset=\"https:\/\/brauchtumsverein-ndh.de\/wp-content\/uploads\/2017\/06\/20170624_182129-300x225.jpg 300w, https:\/\/brauchtumsverein-ndh.de\/wp-content\/uploads\/2017\/06\/20170624_182129-768x576.jpg 768w, https:\/\/brauchtumsverein-ndh.de\/wp-content\/uploads\/2017\/06\/20170624_182129-1024x768.jpg 1024w\" sizes=\"auto, (max-width: 300px) 100vw, 300px\" \/> <img loading=\"lazy\" decoding=\"async\" class=\"alignnone size-medium wp-image-244\" src=\"http:\/\/brauchtumsverein-ndh.de\/wp-content\/uploads\/2017\/06\/20170624_182226-225x300.jpg\" alt=\"\" width=\"225\" height=\"300\" srcset=\"https:\/\/brauchtumsverein-ndh.de\/wp-content\/uploads\/2017\/06\/20170624_182226-225x300.jpg 225w, https:\/\/brauchtumsverein-ndh.de\/wp-content\/uploads\/2017\/06\/20170624_182226-768x1024.jpg 768w\" sizes=\"auto, (max-width: 225px) 100vw, 225px\" \/> <img loading=\"lazy\" decoding=\"async\" class=\"alignnone size-medium wp-image-245\" src=\"http:\/\/brauchtumsverein-ndh.de\/wp-content\/uploads\/2017\/06\/20170624_182518-300x225.jpg\" alt=\"\" width=\"300\" height=\"225\" srcset=\"https:\/\/brauchtumsverein-ndh.de\/wp-content\/uploads\/2017\/06\/20170624_182518-300x225.jpg 300w, https:\/\/brauchtumsverein-ndh.de\/wp-content\/uploads\/2017\/06\/20170624_182518-768x576.jpg 768w, https:\/\/brauchtumsverein-ndh.de\/wp-content\/uploads\/2017\/06\/20170624_182518-1024x768.jpg 1024w\" sizes=\"auto, (max-width: 300px) 100vw, 300px\" \/> <img loading=\"lazy\" decoding=\"async\" class=\"alignnone size-medium wp-image-246\" src=\"http:\/\/brauchtumsverein-ndh.de\/wp-content\/uploads\/2017\/06\/20170624_184739-300x225.jpg\" alt=\"\" width=\"300\" height=\"225\" srcset=\"https:\/\/brauchtumsverein-ndh.de\/wp-content\/uploads\/2017\/06\/20170624_184739-300x225.jpg 300w, https:\/\/brauchtumsverein-ndh.de\/wp-content\/uploads\/2017\/06\/20170624_184739-768x576.jpg 768w, https:\/\/brauchtumsverein-ndh.de\/wp-content\/uploads\/2017\/06\/20170624_184739-1024x768.jpg 1024w\" sizes=\"auto, (max-width: 300px) 100vw, 300px\" \/> <img loading=\"lazy\" decoding=\"async\" class=\"alignnone size-medium wp-image-247\" src=\"http:\/\/brauchtumsverein-ndh.de\/wp-content\/uploads\/2017\/06\/20170624_184750-300x225.jpg\" alt=\"\" width=\"300\" height=\"225\" srcset=\"https:\/\/brauchtumsverein-ndh.de\/wp-content\/uploads\/2017\/06\/20170624_184750-300x225.jpg 300w, https:\/\/brauchtumsverein-ndh.de\/wp-content\/uploads\/2017\/06\/20170624_184750-768x576.jpg 768w, https:\/\/brauchtumsverein-ndh.de\/wp-content\/uploads\/2017\/06\/20170624_184750-1024x768.jpg 1024w\" sizes=\"auto, (max-width: 300px) 100vw, 300px\" \/> <img loading=\"lazy\" decoding=\"async\" class=\"alignnone size-medium wp-image-248\" src=\"http:\/\/brauchtumsverein-ndh.de\/wp-content\/uploads\/2017\/06\/20170624_184756-300x225.jpg\" alt=\"\" width=\"300\" height=\"225\" srcset=\"https:\/\/brauchtumsverein-ndh.de\/wp-content\/uploads\/2017\/06\/20170624_184756-300x225.jpg 300w, https:\/\/brauchtumsverein-ndh.de\/wp-content\/uploads\/2017\/06\/20170624_184756-768x576.jpg 768w, https:\/\/brauchtumsverein-ndh.de\/wp-content\/uploads\/2017\/06\/20170624_184756-1024x768.jpg 1024w\" sizes=\"auto, (max-width: 300px) 100vw, 300px\" \/> <img loading=\"lazy\" decoding=\"async\" class=\"alignnone size-medium wp-image-249\" src=\"http:\/\/brauchtumsverein-ndh.de\/wp-content\/uploads\/2017\/06\/20170624_184920-300x225.jpg\" alt=\"\" width=\"300\" height=\"225\" srcset=\"https:\/\/brauchtumsverein-ndh.de\/wp-content\/uploads\/2017\/06\/20170624_184920-300x225.jpg 300w, https:\/\/brauchtumsverein-ndh.de\/wp-content\/uploads\/2017\/06\/20170624_184920-768x576.jpg 768w, https:\/\/brauchtumsverein-ndh.de\/wp-content\/uploads\/2017\/06\/20170624_184920-1024x768.jpg 1024w\" sizes=\"auto, (max-width: 300px) 100vw, 300px\" \/> <img loading=\"lazy\" decoding=\"async\" class=\"alignnone size-medium wp-image-250\" src=\"http:\/\/brauchtumsverein-ndh.de\/wp-content\/uploads\/2017\/06\/20170624_185117-300x225.jpg\" alt=\"\" width=\"300\" height=\"225\" srcset=\"https:\/\/brauchtumsverein-ndh.de\/wp-content\/uploads\/2017\/06\/20170624_185117-300x225.jpg 300w, https:\/\/brauchtumsverein-ndh.de\/wp-content\/uploads\/2017\/06\/20170624_185117-768x576.jpg 768w, https:\/\/brauchtumsverein-ndh.de\/wp-content\/uploads\/2017\/06\/20170624_185117-1024x768.jpg 1024w\" sizes=\"auto, (max-width: 300px) 100vw, 300px\" \/> <img loading=\"lazy\" decoding=\"async\" class=\"alignnone size-medium wp-image-251\" src=\"http:\/\/brauchtumsverein-ndh.de\/wp-content\/uploads\/2017\/06\/20170624_213149-300x225.jpg\" alt=\"\" width=\"300\" height=\"225\" srcset=\"https:\/\/brauchtumsverein-ndh.de\/wp-content\/uploads\/2017\/06\/20170624_213149-300x225.jpg 300w, https:\/\/brauchtumsverein-ndh.de\/wp-content\/uploads\/2017\/06\/20170624_213149-768x576.jpg 768w, https:\/\/brauchtumsverein-ndh.de\/wp-content\/uploads\/2017\/06\/20170624_213149-1024x768.jpg 1024w\" sizes=\"auto, (max-width: 300px) 100vw, 300px\" \/><\/p>\n\n\n<ul class=\"wp-block-gallery columns-0 is-cropped wp-block-gallery-1 is-layout-flex wp-block-gallery-is-layout-flex\"><\/ul>\n","protected":false},"excerpt":{"rendered":"<p>Ein typisches Brauchtumsfeuer mit Holzhackwettbewerb, sehen sie auf den eingef\u00fcgten Fotos. Brauchtumsfeuer, z\u00fcnden wir traditionell zur Sonnenwende oder in einer der Rauhn\u00e4chte. Die genauen Zeitpunkte gibt es rechtzeitig unter Termine.<\/p>\n","protected":false},"author":10,"featured_media":244,"parent":48,"menu_order":25,"comment_status":"closed","ping_status":"closed","template":"","meta":{"footnotes":""},"class_list":["post-227","page","type-page","status-publish","has-post-thumbnail","hentry"],"_links":{"self":[{"href":"https:\/\/brauchtumsverein-ndh.de\/index.php?rest_route=\/wp\/v2\/pages\/227","targetHints":{"allow":["GET"]}}],"collection":[{"href":"https:\/\/brauchtumsverein-ndh.de\/index.php?rest_route=\/wp\/v2\/pages"}],"about":[{"href":"https:\/\/brauchtumsverein-ndh.de\/index.php?rest_route=\/wp\/v2\/types\/page"}],"author":[{"embeddable":true,"href":"https:\/\/brauchtumsverein-ndh.de\/index.php?rest_route=\/wp\/v2\/users\/10"}],"replies":[{"embeddable":true,"href":"https:\/\/brauchtumsverein-ndh.de\/index.php?rest_route=%2Fwp%2Fv2%2Fcomments&post=227"}],"version-history":[{"count":6,"href":"https:\/\/brauchtumsverein-ndh.de\/index.php?rest_route=\/wp\/v2\/pages\/227\/revisions"}],"predecessor-version":[{"id":1193,"href":"https:\/\/brauchtumsverein-ndh.de\/index.php?rest_route=\/wp\/v2\/pages\/227\/revisions\/1193"}],"up":[{"embeddable":true,"href":"https:\/\/brauchtumsverein-ndh.de\/index.php?rest_route=\/wp\/v2\/pages\/48"}],"wp:featuredmedia":[{"embeddable":true,"href":"https:\/\/brauchtumsverein-ndh.de\/index.php?rest_route=\/wp\/v2\/media\/244"}],"wp:attachment":[{"href":"https:\/\/brauchtumsverein-ndh.de\/index.php?rest_route=%2Fwp%2Fv2%2Fmedia&parent=227"}],"curies":[{"name":"wp","href":"https:\/\/api.w.org\/{rel}","templated":true}]}}