{"id":38170,"date":"2021-09-17T09:39:04","date_gmt":"2021-09-17T07:39:04","guid":{"rendered":"https:\/\/brauchtumsverein-ndh.de\/?page_id=38170"},"modified":"2021-09-17T09:39:05","modified_gmt":"2021-09-17T07:39:05","slug":"kunstobjekt-der-saemann","status":"publish","type":"page","link":"https:\/\/brauchtumsverein-ndh.de\/?page_id=38170","title":{"rendered":"Kunstobjekt: Der S\u00e4mann"},"content":{"rendered":"\n<p> Hier folgt noch  allgemeiner  Text und Bilder zum Projekt <\/p>\n\n\n<h2 class=\"display-posts-title\">Hier findest du die aktuellen Artikel zum Thema:<\/h2>\n<div class=\"display-posts-listing image-left\"><div class=\"listing-item\"><a class=\"image\" href=\"https:\/\/brauchtumsverein-ndh.de\/?p=39699\"><img loading=\"lazy\" decoding=\"async\" width=\"150\" height=\"150\" src=\"https:\/\/brauchtumsverein-ndh.de\/wp-content\/uploads\/2026\/04\/IMG_9394-150x150.jpeg\" class=\"attachment-thumbnail size-thumbnail wp-post-image\" alt=\"\" \/><\/a> <a class=\"title\" href=\"https:\/\/brauchtumsverein-ndh.de\/?p=39699\">S\u00e4mannplatz nun \u00f6ffentlich!<\/a> <span class=\"excerpt-dash\">-<\/span> <span class=\"excerpt\">Der S\u00e4mannplatz ist offiziell eingeweiht! Nach der Abnahme durch die Untere Naturschutzbeh\u00f6rde, konnte der Brauchtumsverein Niederh\u00f6chstadt am Sonntag, den 12. April 2026 den \u201eS\u00e4mannplatz\u201c einweihen und somit offiziell f\u00fcr Besucher freigeben. Die Schaffung eines Biotopes um die anl\u00e4sslich der 1250 <a class=\"more-link\" href=\"https:\/\/brauchtumsverein-ndh.de\/?p=39699\">weiterlesen...<\/a><\/span><\/div><div class=\"listing-item\"><a class=\"image\" href=\"https:\/\/brauchtumsverein-ndh.de\/?p=39518\"><img loading=\"lazy\" decoding=\"async\" width=\"150\" height=\"150\" src=\"https:\/\/brauchtumsverein-ndh.de\/wp-content\/uploads\/2025\/10\/262ead50-8609-4067-b501-63829f0e913d-150x150.jpeg\" class=\"attachment-thumbnail size-thumbnail wp-post-image\" alt=\"\" \/><\/a> <a class=\"title\" href=\"https:\/\/brauchtumsverein-ndh.de\/?p=39518\">Pinktober<\/a> <span class=\"excerpt-dash\">-<\/span> <span class=\"excerpt\">Auch wir machen mit bei der tollen Herzkissen e.V. Aktion<\/span><\/div><div class=\"listing-item\"><a class=\"image\" href=\"https:\/\/brauchtumsverein-ndh.de\/?p=39508\"><img loading=\"lazy\" decoding=\"async\" width=\"150\" height=\"150\" src=\"https:\/\/brauchtumsverein-ndh.de\/wp-content\/uploads\/2025\/10\/9fde8adf-f0b8-4261-aaf2-975f5489d175-150x150.jpeg\" class=\"attachment-thumbnail size-thumbnail wp-post-image\" alt=\"\" \/><\/a> <a class=\"title\" href=\"https:\/\/brauchtumsverein-ndh.de\/?p=39508\">S\u00e4mannplatz; Arbeiten am Insektenhotel und Sandarium<\/a> <span class=\"excerpt-dash\">-<\/span> <span class=\"excerpt\">Am Dienstag wurde mit der Best\u00fcckung des Insektenhotels begonnen. Von den Kindern aus der Einrichtung D\u00f6rnweg selbst ges\u00e4gte Bambusr\u00f6hren und spezieller Lehm f\u00fcr Wildbienen etc. wurden im Wagenrad angebracht.\u00a0 Sp\u00e4ter kommt noch Hartholz mit verschiedenen gro\u00df gebohrten L\u00f6chern hinzu und <a class=\"more-link\" href=\"https:\/\/brauchtumsverein-ndh.de\/?p=39508\">weiterlesen...<\/a><\/span><\/div><div class=\"listing-item\"><a class=\"image\" href=\"https:\/\/brauchtumsverein-ndh.de\/?p=39429\"><img loading=\"lazy\" decoding=\"async\" width=\"150\" height=\"150\" src=\"https:\/\/brauchtumsverein-ndh.de\/wp-content\/uploads\/2025\/07\/IMG_0474-150x150.jpeg\" class=\"attachment-thumbnail size-thumbnail wp-post-image\" alt=\"\" \/><\/a> <a class=\"title\" href=\"https:\/\/brauchtumsverein-ndh.de\/?p=39429\">Insektenhotel unter Dach und Fach<\/a> <span class=\"excerpt-dash\">-<\/span> <span class=\"excerpt\">Heute wurde das Dach des neuen Insektenhotels vom Brauchtumsverein mit Bieberschw\u00e4nzen (Ziegel) gedeckt und damit wetterfest gemacht. Nat\u00fcrlich wurden daf\u00fcr gebrauchte Ziegel verwendet, denn Nachhaltigkeit ist f\u00fcr den BV ein hohes Gut. Alles wurde fachgerecht auf Latten verschraubt. Das Insektenhotel <a class=\"more-link\" href=\"https:\/\/brauchtumsverein-ndh.de\/?p=39429\">weiterlesen...<\/a><\/span><\/div><div class=\"listing-item\"><a class=\"image\" href=\"https:\/\/brauchtumsverein-ndh.de\/?p=39430\"><img loading=\"lazy\" decoding=\"async\" width=\"150\" height=\"150\" src=\"https:\/\/brauchtumsverein-ndh.de\/wp-content\/uploads\/2025\/07\/63e8984c-6d85-4d38-89d9-7cddd15fcbe6-150x150.jpeg\" class=\"attachment-thumbnail size-thumbnail wp-post-image\" alt=\"\" \/><\/a> <a class=\"title\" href=\"https:\/\/brauchtumsverein-ndh.de\/?p=39430\">Brauchtumsverein bekommst \u201egebacken\u201c<\/a> <span class=\"excerpt-dash\">-<\/span> <span class=\"excerpt\">Am Freitag Nachmittag\u00a0musste das f\u00fcr Samstag, den 05.07. geplante \u00f6ffentliche Brotbacken abgesagt werden, da Teilnehmer krank waren. Deshalb wurde schnell entschlossen, umdisponiert. \u201eDann kriegen wir halt stattdessen das Insektenhotel gebacken\u201c, dachten sich die Handwerker im Verein. Gesagt, Getan, wurde das <a class=\"more-link\" href=\"https:\/\/brauchtumsverein-ndh.de\/?p=39430\">weiterlesen...<\/a><\/span><\/div><div class=\"listing-item\"><a class=\"image\" href=\"https:\/\/brauchtumsverein-ndh.de\/?p=39416\"><img loading=\"lazy\" decoding=\"async\" width=\"150\" height=\"150\" src=\"https:\/\/brauchtumsverein-ndh.de\/wp-content\/uploads\/2025\/06\/b151127d-dc5e-42e3-beb8-e07c1669718b-150x150.jpeg\" class=\"attachment-thumbnail size-thumbnail wp-post-image\" alt=\"\" \/><\/a> <a class=\"title\" href=\"https:\/\/brauchtumsverein-ndh.de\/?p=39416\">Sandariumverlegung erfolgreich<\/a> <span class=\"excerpt-dash\">-<\/span> <span class=\"excerpt\">Am 07.06 wurde das alte Sandarium umgesetzt. Der besonders feine f\u00fcr Wildbienen geeignete Sand muss 50 cm tief sein. Im alten Becken, hat sich Staun\u00e4sse gebildet. Das neue ist h\u00f6her, so dass die Wildbienenbrut trocken bleibt. Das Ganze in einer <a class=\"more-link\" href=\"https:\/\/brauchtumsverein-ndh.de\/?p=39416\">weiterlesen...<\/a><\/span><\/div><div class=\"listing-item\"><a class=\"image\" href=\"https:\/\/brauchtumsverein-ndh.de\/?p=39410\"><img loading=\"lazy\" decoding=\"async\" width=\"150\" height=\"150\" src=\"https:\/\/brauchtumsverein-ndh.de\/wp-content\/uploads\/2025\/06\/IMG_9951-150x150.jpeg\" class=\"attachment-thumbnail size-thumbnail wp-post-image\" alt=\"\" \/><\/a> <a class=\"title\" href=\"https:\/\/brauchtumsverein-ndh.de\/?p=39410\">Steinhaufen am S\u00e4mannplatz fertig<\/a> <span class=\"excerpt-dash\">-<\/span> <span class=\"excerpt\">Am Donnerstag, den 05.06 kamen 7 Kinder der Kindertagesst\u00e4tte Weing\u00e4rten mit ihrer Erzieherin Andrea Ender um einen Steinhaufen aus Taunusquarzit zum Schutz, zur Aufzucht und einfach zum Sonnenbaden f\u00fcr Amphibien und weitere Tiere aufzubauen.\u00a0 Thomas Henrich und Simone Gottschalk vom <a class=\"more-link\" href=\"https:\/\/brauchtumsverein-ndh.de\/?p=39410\">weiterlesen...<\/a><\/span><\/div><div class=\"listing-item\"><a class=\"image\" href=\"https:\/\/brauchtumsverein-ndh.de\/?p=39350\"><img loading=\"lazy\" decoding=\"async\" width=\"150\" height=\"150\" src=\"https:\/\/brauchtumsverein-ndh.de\/wp-content\/uploads\/2025\/04\/IMG_7758-150x150.jpeg\" class=\"attachment-thumbnail size-thumbnail wp-post-image\" alt=\"\" \/><\/a> <a class=\"title\" href=\"https:\/\/brauchtumsverein-ndh.de\/?p=39350\">Neugestaltung S\u00e4mannplatz<\/a> <span class=\"excerpt-dash\">-<\/span> <span class=\"excerpt\">Die im Oktober begonnen Arbeiten f\u00fcr das Biotop am S\u00e4mannplatz gehen weiter. Der&nbsp;Bl\u00fchstreifen&nbsp;wurde einges\u00e4t, damit f\u00fcr das sp\u00e4ter entstehende Insektenhotel auch gen\u00fcgend Bewohner angelockt werden. Beide Benjeshecken wurde aus dem Obstbaumschnitt dieses Fr\u00fchjahrs angelegt. In vier\u00a0Arbeitsphasen wurden Pfl\u00f6cke in den <a class=\"more-link\" href=\"https:\/\/brauchtumsverein-ndh.de\/?p=39350\">weiterlesen...<\/a><\/span><\/div><div class=\"listing-item\"><a class=\"image\" href=\"https:\/\/brauchtumsverein-ndh.de\/?p=39152\"><img loading=\"lazy\" decoding=\"async\" width=\"150\" height=\"150\" src=\"https:\/\/brauchtumsverein-ndh.de\/wp-content\/uploads\/2024\/10\/IMG_2717-150x150.jpeg\" class=\"attachment-thumbnail size-thumbnail wp-post-image\" alt=\"\" \/><\/a> <a class=\"title\" href=\"https:\/\/brauchtumsverein-ndh.de\/?p=39152\">Neugestaltung S\u00e4mannplatz, 1. Teil<\/a> <span class=\"excerpt-dash\">-<\/span> <span class=\"excerpt\">Viele H\u00e4nde rasches Ende\u2026&nbsp; Die Neugestaltung des&nbsp;S\u00e4mannplatzes&nbsp;durch den&nbsp;Brauchtumsverein&nbsp;Niederh\u00f6chstadt hat begonnen M\u00f6glich ist die Gestaltung eines Naturbiotops&nbsp;unter Einbeziehung von Kindern&nbsp;durch den Erl\u00f6s von 1462 \u20ac aus dem diesj\u00e4hrigen Eschborner Stadtradeln, wof\u00fcr sich der Brauchtumsverein bei allen Mitradelnden herzlich bedankt.&nbsp; Mit dem <a class=\"more-link\" href=\"https:\/\/brauchtumsverein-ndh.de\/?p=39152\">weiterlesen...<\/a><\/span><\/div><div class=\"listing-item\"><a class=\"image\" href=\"https:\/\/brauchtumsverein-ndh.de\/?p=39046\"><img loading=\"lazy\" decoding=\"async\" width=\"150\" height=\"150\" src=\"https:\/\/brauchtumsverein-ndh.de\/wp-content\/uploads\/2024\/06\/IMG_7485-1-150x150.jpeg\" class=\"attachment-thumbnail size-thumbnail wp-post-image\" alt=\"\" \/><\/a> <a class=\"title\" href=\"https:\/\/brauchtumsverein-ndh.de\/?p=39046\">Stadtradeln 2024; BV bekommt den Erl\u00f6s von 1462,35 \u20ac f\u00fcr ein naturnahes p\u00e4dagogisches Projekt<\/a> <span class=\"excerpt-dash\">-<\/span> <span class=\"excerpt\">Vom 8. Juni bis 28. Juni 2024 radelten die Mitglieder des beim Stadtradeln der Stadt Eschborn mit. 13 Mitglieder des Brauchtumsvereins und das 6 Teamunterst\u00fctzer belegten bei 48 Teams den 12 ten Platz. Die Neugestaltung des Platzes am S\u00e4mann, der <a class=\"more-link\" href=\"https:\/\/brauchtumsverein-ndh.de\/?p=39046\">weiterlesen...<\/a><\/span><\/div><\/div>\n","protected":false},"excerpt":{"rendered":"<p>Hier folgt noch allgemeiner Text und Bilder zum Projekt<\/p>\n","protected":false},"author":1,"featured_media":0,"parent":0,"menu_order":0,"comment_status":"closed","ping_status":"closed","template":"","meta":{"footnotes":""},"class_list":["post-38170","page","type-page","status-publish","hentry"],"_links":{"self":[{"href":"https:\/\/brauchtumsverein-ndh.de\/index.php?rest_route=\/wp\/v2\/pages\/38170","targetHints":{"allow":["GET"]}}],"collection":[{"href":"https:\/\/brauchtumsverein-ndh.de\/index.php?rest_route=\/wp\/v2\/pages"}],"about":[{"href":"https:\/\/brauchtumsverein-ndh.de\/index.php?rest_route=\/wp\/v2\/types\/page"}],"author":[{"embeddable":true,"href":"https:\/\/brauchtumsverein-ndh.de\/index.php?rest_route=\/wp\/v2\/users\/1"}],"replies":[{"embeddable":true,"href":"https:\/\/brauchtumsverein-ndh.de\/index.php?rest_route=%2Fwp%2Fv2%2Fcomments&post=38170"}],"version-history":[{"count":1,"href":"https:\/\/brauchtumsverein-ndh.de\/index.php?rest_route=\/wp\/v2\/pages\/38170\/revisions"}],"predecessor-version":[{"id":38172,"href":"https:\/\/brauchtumsverein-ndh.de\/index.php?rest_route=\/wp\/v2\/pages\/38170\/revisions\/38172"}],"wp:attachment":[{"href":"https:\/\/brauchtumsverein-ndh.de\/index.php?rest_route=%2Fwp%2Fv2%2Fmedia&parent=38170"}],"curies":[{"name":"wp","href":"https:\/\/api.w.org\/{rel}","templated":true}]}}