{"id":38328,"date":"2022-04-04T20:59:27","date_gmt":"2022-04-04T18:59:27","guid":{"rendered":"https:\/\/brauchtumsverein-ndh.de\/?page_id=38328"},"modified":"2022-04-05T10:42:05","modified_gmt":"2022-04-05T08:42:05","slug":"haddekuche","status":"publish","type":"page","link":"https:\/\/brauchtumsverein-ndh.de\/?page_id=38328","title":{"rendered":"Haddekuche"},"content":{"rendered":"\n<p>Der Brauchtumsverein backt Haddekuche (Harter Kuchen) zu besonderen Anl\u00e4ssen, wie zum Niederh\u00f6chstadter Markt. Geschmacklich ist es eine Art Pfefferkuchen. <\/p>\n\n\n\n<p><\/p>\n\n\n\n<p>Haddekuche gibt\u2019s traditionell zum Apfelwein und Handk\u00e4s und kann zum Verfeinern von brauner So\u00dfe verwendet werden, z.B. um Rollbraten, Sauerbraten, Rouladen geschmacklich winterlich zu machen.<\/p>\n\n\n\n<p>Der Haddekuchen wird in einer Raute ausgestochen und gebacken. Woher die Rautenform kommt ist nicht bekannt. Die Ecken sind abgerundet, damit er beim Transport nicht so leicht bricht. Die Formen haben wir von einem Freund und Metallbauer nach dem Original von der B\u00e4ckerei K\u00fcch nachmachen lassen.<\/p>\n\n\n\n<p>Das Originalrezept der nicht mehr existierenden Niederh\u00f6chst\u00e4dter B\u00e4ckerei K\u00fcch wurde uns von den Familienmitgliedern dankenswertereise \u00fcberlassen. Dies wird auch nicht weitergegeben, bleibt also ein Geheimnis. Auf das Mischungsverh\u00e4ltnis der Gew\u00fcrze kommt es n\u00e4mlich an.<\/p>\n\n\n\n<figure class=\"wp-block-gallery columns-3 is-cropped wp-block-gallery-1 is-layout-flex wp-block-gallery-is-layout-flex\"><ul class=\"blocks-gallery-grid\"><li class=\"blocks-gallery-item\"><figure><img loading=\"lazy\" decoding=\"async\" width=\"768\" height=\"1024\" src=\"https:\/\/brauchtumsverein-ndh.de\/wp-content\/uploads\/2020\/03\/697E9247-8ADD-4D4F-8432-F4036EB5B301-768x1024.jpeg\" alt=\"\" data-id=\"14014\" data-full-url=\"https:\/\/brauchtumsverein-ndh.de\/wp-content\/uploads\/2020\/03\/697E9247-8ADD-4D4F-8432-F4036EB5B301-scaled.jpeg\" data-link=\"https:\/\/brauchtumsverein-ndh.de\/?attachment_id=14014#main\" class=\"wp-image-14014\" srcset=\"https:\/\/brauchtumsverein-ndh.de\/wp-content\/uploads\/2020\/03\/697E9247-8ADD-4D4F-8432-F4036EB5B301-768x1024.jpeg 768w, https:\/\/brauchtumsverein-ndh.de\/wp-content\/uploads\/2020\/03\/697E9247-8ADD-4D4F-8432-F4036EB5B301-225x300.jpeg 225w, https:\/\/brauchtumsverein-ndh.de\/wp-content\/uploads\/2020\/03\/697E9247-8ADD-4D4F-8432-F4036EB5B301-1152x1536.jpeg 1152w, https:\/\/brauchtumsverein-ndh.de\/wp-content\/uploads\/2020\/03\/697E9247-8ADD-4D4F-8432-F4036EB5B301-1536x2048.jpeg 1536w, https:\/\/brauchtumsverein-ndh.de\/wp-content\/uploads\/2020\/03\/697E9247-8ADD-4D4F-8432-F4036EB5B301-scaled.jpeg 1920w\" sizes=\"auto, (max-width: 768px) 100vw, 768px\" \/><figcaption class=\"blocks-gallery-item__caption\">Teig<\/figcaption><\/figure><\/li><li class=\"blocks-gallery-item\"><figure><img loading=\"lazy\" decoding=\"async\" width=\"768\" height=\"1024\" src=\"https:\/\/brauchtumsverein-ndh.de\/wp-content\/uploads\/2020\/03\/A0BC69EA-2944-4AAA-B05C-32D823CCD46C-768x1024.jpeg\" alt=\"\" data-id=\"14017\" data-full-url=\"https:\/\/brauchtumsverein-ndh.de\/wp-content\/uploads\/2020\/03\/A0BC69EA-2944-4AAA-B05C-32D823CCD46C-scaled.jpeg\" data-link=\"https:\/\/brauchtumsverein-ndh.de\/?attachment_id=14017#main\" class=\"wp-image-14017\" srcset=\"https:\/\/brauchtumsverein-ndh.de\/wp-content\/uploads\/2020\/03\/A0BC69EA-2944-4AAA-B05C-32D823CCD46C-768x1024.jpeg 768w, https:\/\/brauchtumsverein-ndh.de\/wp-content\/uploads\/2020\/03\/A0BC69EA-2944-4AAA-B05C-32D823CCD46C-225x300.jpeg 225w, https:\/\/brauchtumsverein-ndh.de\/wp-content\/uploads\/2020\/03\/A0BC69EA-2944-4AAA-B05C-32D823CCD46C-1152x1536.jpeg 1152w, https:\/\/brauchtumsverein-ndh.de\/wp-content\/uploads\/2020\/03\/A0BC69EA-2944-4AAA-B05C-32D823CCD46C-1536x2048.jpeg 1536w, https:\/\/brauchtumsverein-ndh.de\/wp-content\/uploads\/2020\/03\/A0BC69EA-2944-4AAA-B05C-32D823CCD46C-scaled.jpeg 1920w\" sizes=\"auto, (max-width: 768px) 100vw, 768px\" \/><figcaption class=\"blocks-gallery-item__caption\">Ausrollen<\/figcaption><\/figure><\/li><li class=\"blocks-gallery-item\"><figure><img loading=\"lazy\" decoding=\"async\" width=\"1024\" height=\"580\" src=\"https:\/\/brauchtumsverein-ndh.de\/wp-content\/uploads\/2019\/03\/Haddekuche-Form-1024x580.jpg\" alt=\"\" data-id=\"852\" data-full-url=\"https:\/\/brauchtumsverein-ndh.de\/wp-content\/uploads\/2019\/03\/Haddekuche-Form.jpg\" data-link=\"https:\/\/brauchtumsverein-ndh.de\/?attachment_id=852\" class=\"wp-image-852\" srcset=\"https:\/\/brauchtumsverein-ndh.de\/wp-content\/uploads\/2019\/03\/Haddekuche-Form-1024x580.jpg 1024w, https:\/\/brauchtumsverein-ndh.de\/wp-content\/uploads\/2019\/03\/Haddekuche-Form-300x170.jpg 300w, https:\/\/brauchtumsverein-ndh.de\/wp-content\/uploads\/2019\/03\/Haddekuche-Form-768x435.jpg 768w\" sizes=\"auto, (max-width: 1024px) 100vw, 1024px\" \/><figcaption class=\"blocks-gallery-item__caption\">Ausstechformen<\/figcaption><\/figure><\/li><li class=\"blocks-gallery-item\"><figure><img loading=\"lazy\" decoding=\"async\" width=\"1024\" height=\"768\" src=\"https:\/\/brauchtumsverein-ndh.de\/wp-content\/uploads\/2020\/03\/8796072A-6DAD-4E75-AE26-2FD5DE979DE7-1024x768.jpeg\" alt=\"\" data-id=\"14019\" data-full-url=\"https:\/\/brauchtumsverein-ndh.de\/wp-content\/uploads\/2020\/03\/8796072A-6DAD-4E75-AE26-2FD5DE979DE7-scaled.jpeg\" data-link=\"https:\/\/brauchtumsverein-ndh.de\/?attachment_id=14019#main\" class=\"wp-image-14019\" srcset=\"https:\/\/brauchtumsverein-ndh.de\/wp-content\/uploads\/2020\/03\/8796072A-6DAD-4E75-AE26-2FD5DE979DE7-1024x768.jpeg 1024w, https:\/\/brauchtumsverein-ndh.de\/wp-content\/uploads\/2020\/03\/8796072A-6DAD-4E75-AE26-2FD5DE979DE7-300x225.jpeg 300w, https:\/\/brauchtumsverein-ndh.de\/wp-content\/uploads\/2020\/03\/8796072A-6DAD-4E75-AE26-2FD5DE979DE7-768x576.jpeg 768w, https:\/\/brauchtumsverein-ndh.de\/wp-content\/uploads\/2020\/03\/8796072A-6DAD-4E75-AE26-2FD5DE979DE7-1536x1152.jpeg 1536w, https:\/\/brauchtumsverein-ndh.de\/wp-content\/uploads\/2020\/03\/8796072A-6DAD-4E75-AE26-2FD5DE979DE7-2048x1536.jpeg 2048w\" sizes=\"auto, (max-width: 1024px) 100vw, 1024px\" \/><figcaption class=\"blocks-gallery-item__caption\">Stolze B\u00e4ckerinnen<\/figcaption><\/figure><\/li><li class=\"blocks-gallery-item\"><figure><img loading=\"lazy\" decoding=\"async\" width=\"1024\" height=\"768\" src=\"https:\/\/brauchtumsverein-ndh.de\/wp-content\/uploads\/2020\/03\/707623D7-F78A-42B4-8D05-EA602A0CE079-1024x768.jpeg\" alt=\"\" data-id=\"14020\" data-full-url=\"https:\/\/brauchtumsverein-ndh.de\/wp-content\/uploads\/2020\/03\/707623D7-F78A-42B4-8D05-EA602A0CE079-scaled.jpeg\" data-link=\"https:\/\/brauchtumsverein-ndh.de\/?attachment_id=14020#main\" class=\"wp-image-14020\" srcset=\"https:\/\/brauchtumsverein-ndh.de\/wp-content\/uploads\/2020\/03\/707623D7-F78A-42B4-8D05-EA602A0CE079-1024x768.jpeg 1024w, https:\/\/brauchtumsverein-ndh.de\/wp-content\/uploads\/2020\/03\/707623D7-F78A-42B4-8D05-EA602A0CE079-300x225.jpeg 300w, https:\/\/brauchtumsverein-ndh.de\/wp-content\/uploads\/2020\/03\/707623D7-F78A-42B4-8D05-EA602A0CE079-768x576.jpeg 768w, https:\/\/brauchtumsverein-ndh.de\/wp-content\/uploads\/2020\/03\/707623D7-F78A-42B4-8D05-EA602A0CE079-1536x1152.jpeg 1536w, https:\/\/brauchtumsverein-ndh.de\/wp-content\/uploads\/2020\/03\/707623D7-F78A-42B4-8D05-EA602A0CE079-2048x1536.jpeg 2048w\" sizes=\"auto, (max-width: 1024px) 100vw, 1024px\" \/><figcaption class=\"blocks-gallery-item__caption\">Haddekuche<\/figcaption><\/figure><\/li><\/ul><\/figure>\n\n\n\n<p>Hier ein Rezept das es \u00f6ffentlich im Internet zu finden gibt und ihm an N\u00e4chsten kommt.<\/p>\n\n\n\n<figure class=\"wp-block-image size-large\"><img loading=\"lazy\" decoding=\"async\" width=\"721\" height=\"1024\" src=\"https:\/\/brauchtumsverein-ndh.de\/wp-content\/uploads\/2022\/04\/image-721x1024.png\" alt=\"\" class=\"wp-image-38339\" srcset=\"https:\/\/brauchtumsverein-ndh.de\/wp-content\/uploads\/2022\/04\/image-721x1024.png 721w, https:\/\/brauchtumsverein-ndh.de\/wp-content\/uploads\/2022\/04\/image-211x300.png 211w, https:\/\/brauchtumsverein-ndh.de\/wp-content\/uploads\/2022\/04\/image.png 736w\" sizes=\"auto, (max-width: 721px) 100vw, 721px\" \/><\/figure>\n","protected":false},"excerpt":{"rendered":"<p>Der Brauchtumsverein backt Haddekuche (Harter Kuchen) zu besonderen Anl\u00e4ssen, wie zum Niederh\u00f6chstadter Markt. Geschmacklich ist es eine Art Pfefferkuchen. Haddekuche gibt\u2019s traditionell zum Apfelwein und Handk\u00e4s und kann zum Verfeinern von brauner So\u00dfe verwendet werden, z.B. um Rollbraten, Sauerbraten, Rouladen <a class=\"more-link\" href=\"https:\/\/brauchtumsverein-ndh.de\/?page_id=38328\">weiterlesen&#8230;<\/a><\/p>\n","protected":false},"author":1,"featured_media":27788,"parent":0,"menu_order":0,"comment_status":"closed","ping_status":"closed","template":"","meta":{"footnotes":""},"class_list":["post-38328","page","type-page","status-publish","has-post-thumbnail","hentry"],"_links":{"self":[{"href":"https:\/\/brauchtumsverein-ndh.de\/index.php?rest_route=\/wp\/v2\/pages\/38328","targetHints":{"allow":["GET"]}}],"collection":[{"href":"https:\/\/brauchtumsverein-ndh.de\/index.php?rest_route=\/wp\/v2\/pages"}],"about":[{"href":"https:\/\/brauchtumsverein-ndh.de\/index.php?rest_route=\/wp\/v2\/types\/page"}],"author":[{"embeddable":true,"href":"https:\/\/brauchtumsverein-ndh.de\/index.php?rest_route=\/wp\/v2\/users\/1"}],"replies":[{"embeddable":true,"href":"https:\/\/brauchtumsverein-ndh.de\/index.php?rest_route=%2Fwp%2Fv2%2Fcomments&post=38328"}],"version-history":[{"count":2,"href":"https:\/\/brauchtumsverein-ndh.de\/index.php?rest_route=\/wp\/v2\/pages\/38328\/revisions"}],"predecessor-version":[{"id":38340,"href":"https:\/\/brauchtumsverein-ndh.de\/index.php?rest_route=\/wp\/v2\/pages\/38328\/revisions\/38340"}],"wp:featuredmedia":[{"embeddable":true,"href":"https:\/\/brauchtumsverein-ndh.de\/index.php?rest_route=\/wp\/v2\/media\/27788"}],"wp:attachment":[{"href":"https:\/\/brauchtumsverein-ndh.de\/index.php?rest_route=%2Fwp%2Fv2%2Fmedia&parent=38328"}],"curies":[{"name":"wp","href":"https:\/\/api.w.org\/{rel}","templated":true}]}}