{"id":402,"date":"2018-03-19T16:57:12","date_gmt":"2018-03-19T15:57:12","guid":{"rendered":"http:\/\/brauchtumsverein-ndh.de\/?page_id=402"},"modified":"2019-02-05T14:10:57","modified_gmt":"2019-02-05T13:10:57","slug":"korbflechten","status":"publish","type":"page","link":"https:\/\/brauchtumsverein-ndh.de\/?page_id=402","title":{"rendered":"Korbflechten"},"content":{"rendered":"<h2 class=\"entry-title\">In 2018 wurde ein Korbflechtkurs erfolgreich abgeschlossen<\/h2>\n<p>Der Brauchtumsverein hat sich zur Aufgabe gemacht alte Handwerkstechniken und Br\u00e4uche nicht in Vergessenheit geraten zu lassen. Eine alte Technik ist das Korbflechten. Am 17. und 18. M\u00e4rz 2018, fand deshalb im B\u00fcrgerzentrum Niederh\u00f6chstadt ein erster Flechtkurs statt.<\/p>\n<p>8 Teilnehmerinnen hatten sich angemeldet und wurden vom Korbflechter Josef Schmitteckert aus Bretten im Kraichgau unterweisen. Geflochten wurde ausschlie\u00dflich mit Weiden. Hier gab es eine Menge \u00fcber die verschiedenen Weidenarten, ihre Beschaffen- und Biegsamkeit sowie deren Anbaumethoden zu lernen. Au\u00dferdem wurden die verschiedenen Flechtmusterm\u00f6glichkeiten vorgestellt und auch die weltweiten Verkn\u00fcpfungen dieses Kulturhandwerkes, erl\u00e4utert. Jedes Land hat andere Muster und unabh\u00e4ngig voneinander fast identische Herangehensweisen entwickelt. Josef Schmitteckert hat zur Erl\u00e4uterung viele B\u00fccher als Anschauungsmaterial mitgebracht. Au\u00dferdem einige seiner geflochtenen K\u00f6rbe, um die verschiedenen Formen und damit M\u00f6glichkeiten zu zeigen. Die Damen entschieden sich weitgehend f\u00fcr die ovale Einkaufskorbform.<br \/>\nMit Gartenschere, scharfem Messer, einem Pfriem (Vorstecher) und einem Schlageisen, ging es an die Arbeit.<br \/>\nZuerst der Boden, der eine v\u00f6llig andere Technik braucht als die Seiten, die Umrandung oder der Henkel.<\/p>\n<p>Das Ergebnis kann sich sehen lassen.<\/p>\n<p>Die Teilnehmerinnen haben nun m\u00e4chtig Achtung vor diesem Handwerk. Sie waren sich einig, dass dies eine tolle meditative Arbeit ist, die Spa\u00df und Erf\u00fcllung bringt aber auch M\u00fche abverlangt.<\/p>\n<p>Wer mehr \u00fcber Josef Schmitteckert und die Flechtkunst erfahren m\u00f6chte, kann sich hier http:\/\/www.weidenauge.de\/ informieren.<\/p>\n<p>Au\u00dferdem haben wir w\u00e4hrend des Niederh\u00f6chst\u00e4dter Marktes am 05. August 2018 Vorf\u00fchrungen zur Flechtkunst mit Josef Schmitteckert im Hof Mathes (Hauptstr. 311) angeboten.<\/p>\n<p><img loading=\"lazy\" decoding=\"async\" class=\"alignnone wp-image-401\" src=\"http:\/\/brauchtumsverein-ndh.de\/wp-content\/uploads\/2018\/03\/Korb-150x1501.jpg\" alt=\"\" width=\"381\" height=\"381\" \/><img loading=\"lazy\" decoding=\"async\" class=\"alignnone wp-image-400\" src=\"http:\/\/brauchtumsverein-ndh.de\/wp-content\/uploads\/2018\/03\/Korbflechten-225x300.jpg\" alt=\"\" width=\"383\" height=\"510\" srcset=\"https:\/\/brauchtumsverein-ndh.de\/wp-content\/uploads\/2018\/03\/Korbflechten-225x300.jpg 225w, https:\/\/brauchtumsverein-ndh.de\/wp-content\/uploads\/2018\/03\/Korbflechten-768x1024.jpg 768w, https:\/\/brauchtumsverein-ndh.de\/wp-content\/uploads\/2018\/03\/Korbflechten.jpg 1512w\" sizes=\"auto, (max-width: 383px) 100vw, 383px\" \/><\/p>\n","protected":false},"excerpt":{"rendered":"<p>In 2018 wurde ein Korbflechtkurs erfolgreich abgeschlossen Der Brauchtumsverein hat sich zur Aufgabe gemacht alte Handwerkstechniken und Br\u00e4uche nicht in Vergessenheit geraten zu lassen. Eine alte Technik ist das Korbflechten. Am 17. und 18. M\u00e4rz 2018, fand deshalb im B\u00fcrgerzentrum <a class=\"more-link\" href=\"https:\/\/brauchtumsverein-ndh.de\/?page_id=402\">weiterlesen&#8230;<\/a><\/p>\n","protected":false},"author":10,"featured_media":0,"parent":48,"menu_order":26,"comment_status":"closed","ping_status":"closed","template":"","meta":{"footnotes":""},"class_list":["post-402","page","type-page","status-publish","hentry"],"_links":{"self":[{"href":"https:\/\/brauchtumsverein-ndh.de\/index.php?rest_route=\/wp\/v2\/pages\/402","targetHints":{"allow":["GET"]}}],"collection":[{"href":"https:\/\/brauchtumsverein-ndh.de\/index.php?rest_route=\/wp\/v2\/pages"}],"about":[{"href":"https:\/\/brauchtumsverein-ndh.de\/index.php?rest_route=\/wp\/v2\/types\/page"}],"author":[{"embeddable":true,"href":"https:\/\/brauchtumsverein-ndh.de\/index.php?rest_route=\/wp\/v2\/users\/10"}],"replies":[{"embeddable":true,"href":"https:\/\/brauchtumsverein-ndh.de\/index.php?rest_route=%2Fwp%2Fv2%2Fcomments&post=402"}],"version-history":[{"count":4,"href":"https:\/\/brauchtumsverein-ndh.de\/index.php?rest_route=\/wp\/v2\/pages\/402\/revisions"}],"predecessor-version":[{"id":757,"href":"https:\/\/brauchtumsverein-ndh.de\/index.php?rest_route=\/wp\/v2\/pages\/402\/revisions\/757"}],"up":[{"embeddable":true,"href":"https:\/\/brauchtumsverein-ndh.de\/index.php?rest_route=\/wp\/v2\/pages\/48"}],"wp:attachment":[{"href":"https:\/\/brauchtumsverein-ndh.de\/index.php?rest_route=%2Fwp%2Fv2%2Fmedia&parent=402"}],"curies":[{"name":"wp","href":"https:\/\/api.w.org\/{rel}","templated":true}]}}