{"id":48,"date":"2016-09-26T20:14:08","date_gmt":"2016-09-26T18:14:08","guid":{"rendered":"http:\/\/brauchtumsverein-ndh.de\/?page_id=48"},"modified":"2022-08-17T21:22:45","modified_gmt":"2022-08-17T19:22:45","slug":"projekte","status":"publish","type":"page","link":"https:\/\/brauchtumsverein-ndh.de\/?page_id=48","title":{"rendered":"Unsere Projekte"},"content":{"rendered":"<h2 style=\"padding-left: 40px; text-align: left;\">Hier eine \u00dcbersicht \u00fcber das was wir bisher im Rahmen des Vereins gemacht haben und weiterhin alles planen!<\/h2>\n\n\n<ul class=\"wp-block-list\"><li><a href=\"https:\/\/brauchtumsverein-ndh.de\/?page_id=704\">Kr\u00e4uter sammeln (Werzwisch)<\/a><\/li><li><a href=\"https:\/\/brauchtumsverein-ndh.de\/?page_id=38328\">Haddekuche<\/a><\/li><li><a href=\"https:\/\/brauchtumsverein-ndh.de\/?page_id=706\">Bl\u00fchstreifen<\/a><\/li><li><a href=\"https:\/\/brauchtumsverein-ndh.de\/?page_id=708\">Kartoffel<\/a><\/li><li><a href=\"https:\/\/brauchtumsverein-ndh.de\/?page_id=713\">Erntekrone binden<\/a><\/li><li><a href=\"https:\/\/brauchtumsverein-ndh.de\/?page_id=50\">Sauerkraut selbst machen<\/a><\/li><li><a href=\"https:\/\/brauchtumsverein-ndh.de\/?page_id=160\">Brot backen<\/a><\/li><li><a href=\"https:\/\/brauchtumsverein-ndh.de\/?page_id=163\">Keltern<\/a><\/li><li><a href=\"https:\/\/brauchtumsverein-ndh.de\/?page_id=165\">Eier f\u00e4rben<\/a><\/li><li><a href=\"https:\/\/brauchtumsverein-ndh.de\/?page_id=227\">Brauchtumsfeuer<\/a><\/li><li><a href=\"https:\/\/brauchtumsverein-ndh.de\/?page_id=402\">Korbflechten<\/a><\/li><li><a href=\"https:\/\/brauchtumsverein-ndh.de\/?page_id=821\">Hausmacher Wurst<\/a><\/li><li><a href=\"https:\/\/brauchtumsverein-ndh.de\/?page_id=823\">Butterherstellung<\/a><\/li><li><a href=\"https:\/\/brauchtumsverein-ndh.de\/?page_id=1016\">H\u00fchner im Kindergarten<\/a><\/li><li><a href=\"https:\/\/brauchtumsverein-ndh.de\/?page_id=1384\">Ladwersch einkochen<\/a><\/li><li><a href=\"http:\/\/brauchtumsverein-ndh.de\/?page_id=1377\">Frischk\u00e4se herstellen<\/a><\/li><li><a href=\"http:\/\/brauchtumsverein-ndh.de\/?page_id=1379\">Haltbarmachung von Obst und Kr\u00e4utern<\/a><\/li><li><a href=\"http:\/\/brauchtumsverein-ndh.de\/?page_id=1381\">Pflanzenkohle herstellen<\/a><\/li><li><a href=\"https:\/\/brauchtumsverein-ndh.de\/?page_id=38163\">R\u00e4uchern<\/a><\/li><li><a href=\"https:\/\/brauchtumsverein-ndh.de\/?page_id=38170\">Kunstobjekt: Der S\u00e4mann<\/a><\/li><li>Sensen und Dengeln<\/li><li>Gemeinsames Handarbeiten<\/li><\/ul>\n\n\n\n<p><\/p>\n","protected":false},"excerpt":{"rendered":"<p>Hier eine \u00dcbersicht \u00fcber das was wir bisher im Rahmen des Vereins gemacht haben und weiterhin alles planen! Kr\u00e4uter sammeln (Werzwisch) Haddekuche Bl\u00fchstreifen Kartoffel Erntekrone binden Sauerkraut selbst machen Brot backen Keltern Eier f\u00e4rben Brauchtumsfeuer Korbflechten Hausmacher Wurst Butterherstellung H\u00fchner <a class=\"more-link\" href=\"https:\/\/brauchtumsverein-ndh.de\/?page_id=48\">weiterlesen&#8230;<\/a><\/p>\n","protected":false},"author":1,"featured_media":12998,"parent":0,"menu_order":20,"comment_status":"closed","ping_status":"closed","template":"","meta":{"footnotes":""},"class_list":["post-48","page","type-page","status-publish","has-post-thumbnail","hentry"],"_links":{"self":[{"href":"https:\/\/brauchtumsverein-ndh.de\/index.php?rest_route=\/wp\/v2\/pages\/48","targetHints":{"allow":["GET"]}}],"collection":[{"href":"https:\/\/brauchtumsverein-ndh.de\/index.php?rest_route=\/wp\/v2\/pages"}],"about":[{"href":"https:\/\/brauchtumsverein-ndh.de\/index.php?rest_route=\/wp\/v2\/types\/page"}],"author":[{"embeddable":true,"href":"https:\/\/brauchtumsverein-ndh.de\/index.php?rest_route=\/wp\/v2\/users\/1"}],"replies":[{"embeddable":true,"href":"https:\/\/brauchtumsverein-ndh.de\/index.php?rest_route=%2Fwp%2Fv2%2Fcomments&post=48"}],"version-history":[{"count":29,"href":"https:\/\/brauchtumsverein-ndh.de\/index.php?rest_route=\/wp\/v2\/pages\/48\/revisions"}],"predecessor-version":[{"id":38564,"href":"https:\/\/brauchtumsverein-ndh.de\/index.php?rest_route=\/wp\/v2\/pages\/48\/revisions\/38564"}],"wp:featuredmedia":[{"embeddable":true,"href":"https:\/\/brauchtumsverein-ndh.de\/index.php?rest_route=\/wp\/v2\/media\/12998"}],"wp:attachment":[{"href":"https:\/\/brauchtumsverein-ndh.de\/index.php?rest_route=%2Fwp%2Fv2%2Fmedia&parent=48"}],"curies":[{"name":"wp","href":"https:\/\/api.w.org\/{rel}","templated":true}]}}