{"id":50,"date":"2016-09-26T20:15:18","date_gmt":"2016-09-26T18:15:18","guid":{"rendered":"http:\/\/brauchtumsverein-ndh.de\/?page_id=50"},"modified":"2022-10-04T16:38:12","modified_gmt":"2022-10-04T14:38:12","slug":"sauerkraut","status":"publish","type":"page","link":"https:\/\/brauchtumsverein-ndh.de\/?page_id=50","title":{"rendered":"Sauerkraut selbst machen"},"content":{"rendered":"\n<p>Eine typisch deutsche Tradition ist es <b>Sauerkraut <\/b>einzulegen. Das ist eine Form der Haltbarmachung von Wei\u00dfkohl, um gut \u00fcber den Winter zu kommen.<\/p>\n\n\n\n<p>Es braucht dazu lediglich erstklassigen Wei\u00dfkohl, Strunkmesser, Hobel, Salz, Stampfer und einen G\u00e4rtopf. Verfeinerungen u.a. durch Wacholderbeeren, Knoblauch, Wei\u00dfwein oder Molke sind m\u00f6glich und Geschmacksache. Dazu dann Muskelkraft plus Geduld\u2026<\/p>\n\n\n\n<p>Die richtigen Techniken bringen wir ihnen gerne bei.<\/p>\n\n\n<h2 class=\"display-posts-title\">Hier findest du die aktuellen Artikel zum Thema:<\/h2>\n<div class=\"display-posts-listing image-left\"><div class=\"listing-item\"><a class=\"image\" href=\"https:\/\/brauchtumsverein-ndh.de\/?p=39526\"><img loading=\"lazy\" decoding=\"async\" width=\"150\" height=\"150\" src=\"https:\/\/brauchtumsverein-ndh.de\/wp-content\/uploads\/2025\/01\/5920fce8-e23b-412a-8035-89a2dfa01c29-150x150.jpeg\" class=\"attachment-thumbnail size-thumbnail wp-post-image\" alt=\"\" \/><\/a> <a class=\"title\" href=\"https:\/\/brauchtumsverein-ndh.de\/?p=39526\">Wei\u00dfkohl hobeln und zu Sauerkraut stampfen<\/a> <span class=\"excerpt-dash\">-<\/span> <span class=\"excerpt\">Das Sauerkrautmachen beim Brauchtumsverein Niederh\u00f6chstadterfreut sich immer gr\u00f6\u00dferer Beliebtheit. Erstmals war ein Dreischichtbetrieb in der Scheune an der Linde n\u00f6tig, um allen Interessenten gerecht zu werden. Sogar Absagen mussten ausgesprochen werden. Am Samstag, den 01.11.2025 konnte der Verein insgesamt 12 <a class=\"more-link\" href=\"https:\/\/brauchtumsverein-ndh.de\/?p=39526\">weiterlesen...<\/a><\/span><\/div><div class=\"listing-item\"><a class=\"image\" href=\"https:\/\/brauchtumsverein-ndh.de\/?p=39178\"><img loading=\"lazy\" decoding=\"async\" width=\"150\" height=\"150\" src=\"https:\/\/brauchtumsverein-ndh.de\/wp-content\/uploads\/2024\/11\/IMG_3103-150x150.jpeg\" class=\"attachment-thumbnail size-thumbnail wp-post-image\" alt=\"\" \/><\/a> <a class=\"title\" href=\"https:\/\/brauchtumsverein-ndh.de\/?p=39178\">Sauerkraut, Zwiebelkuchen und K\u00fcrbisbr\u00f6tchen<\/a> <span class=\"excerpt-dash\">-<\/span> <span class=\"excerpt\">Am Samstag,&nbsp;den 02.11.2024&nbsp;wurde beim Brauchtumsverein Niederh\u00f6chstadt&nbsp;zum neunten Mal Sauerkraut hergestellt. Beide Ziele des Vereins, n\u00e4mlich&nbsp;\u201eDas traditionelle Wissen \u00fcber die Herstellung von Sauerkraut f\u00fcr die gesunde und saisonale Ern\u00e4hrung zu bewahren\u201c&nbsp;sowie \u201eAnderen etwas beizubringen, damit sie es sp\u00e4ter selbst zu Hause <a class=\"more-link\" href=\"https:\/\/brauchtumsverein-ndh.de\/?p=39178\">weiterlesen...<\/a><\/span><\/div><div class=\"listing-item\"><a class=\"image\" href=\"https:\/\/brauchtumsverein-ndh.de\/?p=38974\"><img loading=\"lazy\" decoding=\"async\" width=\"150\" height=\"150\" src=\"https:\/\/brauchtumsverein-ndh.de\/wp-content\/uploads\/2023\/12\/IMG_0906-150x150.jpeg\" class=\"attachment-thumbnail size-thumbnail wp-post-image\" alt=\"\" \/><\/a> <a class=\"title\" href=\"https:\/\/brauchtumsverein-ndh.de\/?p=38974\">\u201eHallo Hessen\u201c<\/a> <span class=\"excerpt-dash\">-<\/span> <span class=\"excerpt\">Christine V\u00f6lkner und Christiane Herberth zeigen in der Sendung am 29.12.2023 wie man Sauerkraut macht und warum es an Silvester oder Neujahr zusammen mit Rippchen, eine feste Gr\u00f6\u00dfe auf den Tellern war. 1.Teil Minute 6.50 https:\/\/www.ardmediathek.de\/video\/YzEyY2EyYjMtYTVlMi00YjkyLTkyOTItNTlhZDI4NTY5OWJj\/ 2.Teil Minute 13.30 https:\/\/www.ardmediathek.de\/video\/Y2NkZjNhYzItOTljNC00NDg3LTg5ZTgtMDU2MzdjM2NiMmRi\/<\/span><\/div><div class=\"listing-item\"><a class=\"image\" href=\"https:\/\/brauchtumsverein-ndh.de\/?p=38927\"><img loading=\"lazy\" decoding=\"async\" width=\"150\" height=\"150\" src=\"https:\/\/brauchtumsverein-ndh.de\/wp-content\/uploads\/2023\/11\/f9ed1eca-14bb-4918-ae15-21c3eded3e6c-150x150.jpeg\" class=\"attachment-thumbnail size-thumbnail wp-post-image\" alt=\"\" \/><\/a> <a class=\"title\" href=\"https:\/\/brauchtumsverein-ndh.de\/?p=38927\"><strong>Sauerkraut ist gesund und garantiert ein lustiges L<\/strong><strong>eben!<\/strong><\/a> <span class=\"excerpt-dash\">-<\/span> <span class=\"excerpt\">15 Erwachsene, eine Jugendliche und 7 Kinder haben gehobelt, gew\u00fcrzt, gestampft und probiert. Was? Nat\u00fcrlich Sauerkraut!&nbsp;Am Samstag, den&nbsp;04. November 2023&nbsp;konnte diese Aktion vom&nbsp;Brauchtumsverein&nbsp;zum 6 ten Mal angeboten werden.&nbsp;Um 10.00 Uhr&nbsp;ging es&nbsp;am \u201ePlatz an der Linde\u201c&nbsp;an die Strunkmesser, Hobel und Stampfer <a class=\"more-link\" href=\"https:\/\/brauchtumsverein-ndh.de\/?p=38927\">weiterlesen...<\/a><\/span><\/div><div class=\"listing-item\"><a class=\"image\" href=\"https:\/\/brauchtumsverein-ndh.de\/?p=38631\"><img loading=\"lazy\" decoding=\"async\" width=\"150\" height=\"150\" src=\"https:\/\/brauchtumsverein-ndh.de\/wp-content\/uploads\/2022\/11\/IMG_6895-150x150.jpg\" class=\"attachment-thumbnail size-thumbnail wp-post-image\" alt=\"\" \/><\/a> <a class=\"title\" href=\"https:\/\/brauchtumsverein-ndh.de\/?p=38631\">Sauerkraut und Sauerteig<\/a> <span class=\"excerpt-dash\">-<\/span> <span class=\"excerpt\">Am Samstag, den 05.11.2019 wurde in der Scheune am \u201ePlatz an der Linde\u201c beim Brauchtumsverein Niederh\u00f6chstadt Sauerkraut hergestellt und dabei Brot gebacken. Zwei Jahre mussten wir wegen den Kontaktbeschr\u00e4nkungen aussetzen, doch dieses Jahr gelang es \u201eDas traditionelle Wissen \u00fcber die <a class=\"more-link\" href=\"https:\/\/brauchtumsverein-ndh.de\/?p=38631\">weiterlesen...<\/a><\/span><\/div><div class=\"listing-item\"><a class=\"image\" href=\"https:\/\/brauchtumsverein-ndh.de\/?p=2133\"><img loading=\"lazy\" decoding=\"async\" width=\"150\" height=\"150\" src=\"https:\/\/brauchtumsverein-ndh.de\/wp-content\/uploads\/2019\/11\/Zutaten-150x150.jpg\" class=\"attachment-thumbnail size-thumbnail wp-post-image\" alt=\"\" \/><\/a> <a class=\"title\" href=\"https:\/\/brauchtumsverein-ndh.de\/?p=2133\">Impressionen der Sauerkrautherstellung im Video<\/a><\/div><div class=\"listing-item\"><a class=\"image\" href=\"https:\/\/brauchtumsverein-ndh.de\/?p=1586\"><img loading=\"lazy\" decoding=\"async\" width=\"150\" height=\"150\" src=\"https:\/\/brauchtumsverein-ndh.de\/wp-content\/uploads\/2019\/11\/Hobeln-1-150x150.jpg\" class=\"attachment-thumbnail size-thumbnail wp-post-image\" alt=\"\" \/><\/a> <a class=\"title\" href=\"https:\/\/brauchtumsverein-ndh.de\/?p=1586\">Sauerkraut 4.0<\/a> <span class=\"excerpt-dash\">-<\/span> <span class=\"excerpt\">Am Samstag den 02.11.2019 wurde in der Scheune &#8222;Am Platz an der Linde&#8220; Sauerkraut hergestellt. Schon im vierten Jahr gelang es dem Brauchtumsverein \u201eDas traditionelle Wissen \u00fcber die Herstellung von Sauerkraut f\u00fcr die gesunde und saisonale Ern\u00e4hrung nicht nur zu <a class=\"more-link\" href=\"https:\/\/brauchtumsverein-ndh.de\/?p=1586\">weiterlesen...<\/a><\/span><\/div><\/div>\n\n\n\n<p><\/p>\n\n\n\n<h2 class=\"wp-block-heading\">Und hier noch ein paar Impressionen der letzten Jahre:<\/h2>\n\n\n\n<figure class=\"wp-block-image\"><img loading=\"lazy\" decoding=\"async\" width=\"300\" height=\"225\" src=\"http:\/\/brauchtumsverein-ndh.de\/wp-content\/uploads\/2016\/09\/33BA9150-F80B-4B75-A435-CE1EE23CCDD5-300x225.jpeg\" alt=\"\" class=\"wp-image-315\" srcset=\"https:\/\/brauchtumsverein-ndh.de\/wp-content\/uploads\/2016\/09\/33BA9150-F80B-4B75-A435-CE1EE23CCDD5-300x225.jpeg 300w, https:\/\/brauchtumsverein-ndh.de\/wp-content\/uploads\/2016\/09\/33BA9150-F80B-4B75-A435-CE1EE23CCDD5-768x576.jpeg 768w, https:\/\/brauchtumsverein-ndh.de\/wp-content\/uploads\/2016\/09\/33BA9150-F80B-4B75-A435-CE1EE23CCDD5-1024x768.jpeg 1024w, https:\/\/brauchtumsverein-ndh.de\/wp-content\/uploads\/2016\/09\/33BA9150-F80B-4B75-A435-CE1EE23CCDD5.jpeg 2048w\" sizes=\"auto, (max-width: 300px) 100vw, 300px\" \/><\/figure>\n\n\n\n<figure class=\"wp-block-image\"><img loading=\"lazy\" decoding=\"async\" width=\"300\" height=\"225\" src=\"http:\/\/brauchtumsverein-ndh.de\/wp-content\/uploads\/2016\/09\/4D141DFB-9A1D-4D10-AA26-FAAECD30015C-300x225.jpeg\" alt=\"\" class=\"wp-image-316\" srcset=\"https:\/\/brauchtumsverein-ndh.de\/wp-content\/uploads\/2016\/09\/4D141DFB-9A1D-4D10-AA26-FAAECD30015C-300x225.jpeg 300w, https:\/\/brauchtumsverein-ndh.de\/wp-content\/uploads\/2016\/09\/4D141DFB-9A1D-4D10-AA26-FAAECD30015C-768x576.jpeg 768w, https:\/\/brauchtumsverein-ndh.de\/wp-content\/uploads\/2016\/09\/4D141DFB-9A1D-4D10-AA26-FAAECD30015C-1024x768.jpeg 1024w, https:\/\/brauchtumsverein-ndh.de\/wp-content\/uploads\/2016\/09\/4D141DFB-9A1D-4D10-AA26-FAAECD30015C.jpeg 2048w\" sizes=\"auto, (max-width: 300px) 100vw, 300px\" \/><\/figure>\n\n\n\n<figure class=\"wp-block-image\"><img loading=\"lazy\" decoding=\"async\" width=\"300\" height=\"225\" src=\"http:\/\/brauchtumsverein-ndh.de\/wp-content\/uploads\/2016\/09\/5369CA10-CCD5-479A-ABB3-7BB7276ECF52-300x225.jpeg\" alt=\"\" class=\"wp-image-318\" srcset=\"https:\/\/brauchtumsverein-ndh.de\/wp-content\/uploads\/2016\/09\/5369CA10-CCD5-479A-ABB3-7BB7276ECF52-300x225.jpeg 300w, https:\/\/brauchtumsverein-ndh.de\/wp-content\/uploads\/2016\/09\/5369CA10-CCD5-479A-ABB3-7BB7276ECF52-768x576.jpeg 768w, https:\/\/brauchtumsverein-ndh.de\/wp-content\/uploads\/2016\/09\/5369CA10-CCD5-479A-ABB3-7BB7276ECF52-1024x768.jpeg 1024w, https:\/\/brauchtumsverein-ndh.de\/wp-content\/uploads\/2016\/09\/5369CA10-CCD5-479A-ABB3-7BB7276ECF52.jpeg 2048w\" sizes=\"auto, (max-width: 300px) 100vw, 300px\" \/><\/figure>\n\n\n\n<figure class=\"wp-block-image\"><img loading=\"lazy\" decoding=\"async\" width=\"225\" height=\"300\" src=\"http:\/\/brauchtumsverein-ndh.de\/wp-content\/uploads\/2016\/09\/2C71992D-E50C-4E6D-92FC-2843FCB30B7F-225x300.jpeg\" alt=\"\" class=\"wp-image-319\" srcset=\"https:\/\/brauchtumsverein-ndh.de\/wp-content\/uploads\/2016\/09\/2C71992D-E50C-4E6D-92FC-2843FCB30B7F-225x300.jpeg 225w, https:\/\/brauchtumsverein-ndh.de\/wp-content\/uploads\/2016\/09\/2C71992D-E50C-4E6D-92FC-2843FCB30B7F-768x1024.jpeg 768w, https:\/\/brauchtumsverein-ndh.de\/wp-content\/uploads\/2016\/09\/2C71992D-E50C-4E6D-92FC-2843FCB30B7F.jpeg 1536w\" sizes=\"auto, (max-width: 225px) 100vw, 225px\" \/><\/figure>\n\n\n\n<figure class=\"wp-block-image\"><img loading=\"lazy\" decoding=\"async\" width=\"300\" height=\"225\" src=\"http:\/\/brauchtumsverein-ndh.de\/wp-content\/uploads\/2019\/01\/image2-300x225.jpeg\" alt=\"\" class=\"wp-image-639\" srcset=\"https:\/\/brauchtumsverein-ndh.de\/wp-content\/uploads\/2019\/01\/image2-300x225.jpeg 300w, https:\/\/brauchtumsverein-ndh.de\/wp-content\/uploads\/2019\/01\/image2-768x576.jpeg 768w, https:\/\/brauchtumsverein-ndh.de\/wp-content\/uploads\/2019\/01\/image2.jpeg 960w\" sizes=\"auto, (max-width: 300px) 100vw, 300px\" \/><\/figure>\n\n\n\n<figure class=\"wp-block-image\"><img loading=\"lazy\" decoding=\"async\" width=\"300\" height=\"225\" src=\"http:\/\/brauchtumsverein-ndh.de\/wp-content\/uploads\/2019\/01\/image3-300x225.jpeg\" alt=\"\" class=\"wp-image-640\" srcset=\"https:\/\/brauchtumsverein-ndh.de\/wp-content\/uploads\/2019\/01\/image3-300x225.jpeg 300w, https:\/\/brauchtumsverein-ndh.de\/wp-content\/uploads\/2019\/01\/image3-768x576.jpeg 768w, https:\/\/brauchtumsverein-ndh.de\/wp-content\/uploads\/2019\/01\/image3.jpeg 960w\" sizes=\"auto, (max-width: 300px) 100vw, 300px\" \/><\/figure>\n\n\n\n<figure class=\"wp-block-image\"><img loading=\"lazy\" decoding=\"async\" width=\"225\" height=\"300\" src=\"http:\/\/brauchtumsverein-ndh.de\/wp-content\/uploads\/2019\/01\/image4-225x300.jpeg\" alt=\"\" class=\"wp-image-641\" srcset=\"https:\/\/brauchtumsverein-ndh.de\/wp-content\/uploads\/2019\/01\/image4-225x300.jpeg 225w, https:\/\/brauchtumsverein-ndh.de\/wp-content\/uploads\/2019\/01\/image4.jpeg 720w\" sizes=\"auto, (max-width: 225px) 100vw, 225px\" \/><\/figure>\n\n\n\n<figure class=\"wp-block-image\"><img loading=\"lazy\" decoding=\"async\" width=\"225\" height=\"300\" src=\"http:\/\/brauchtumsverein-ndh.de\/wp-content\/uploads\/2019\/01\/image5-225x300.jpeg\" alt=\"\" class=\"wp-image-642\" srcset=\"https:\/\/brauchtumsverein-ndh.de\/wp-content\/uploads\/2019\/01\/image5-225x300.jpeg 225w, https:\/\/brauchtumsverein-ndh.de\/wp-content\/uploads\/2019\/01\/image5.jpeg 720w\" sizes=\"auto, (max-width: 225px) 100vw, 225px\" \/><\/figure>\n\n\n\n<figure class=\"wp-block-image\"><img loading=\"lazy\" decoding=\"async\" width=\"225\" height=\"300\" src=\"http:\/\/brauchtumsverein-ndh.de\/wp-content\/uploads\/2019\/01\/image6-225x300.jpeg\" alt=\"\" class=\"wp-image-643\" srcset=\"https:\/\/brauchtumsverein-ndh.de\/wp-content\/uploads\/2019\/01\/image6-225x300.jpeg 225w, https:\/\/brauchtumsverein-ndh.de\/wp-content\/uploads\/2019\/01\/image6.jpeg 720w\" sizes=\"auto, (max-width: 225px) 100vw, 225px\" \/><\/figure>\n\n\n\n<figure class=\"wp-block-image\"><img loading=\"lazy\" decoding=\"async\" width=\"225\" height=\"300\" src=\"http:\/\/brauchtumsverein-ndh.de\/wp-content\/uploads\/2019\/01\/image7-225x300.jpeg\" alt=\"\" class=\"wp-image-644\" srcset=\"https:\/\/brauchtumsverein-ndh.de\/wp-content\/uploads\/2019\/01\/image7-225x300.jpeg 225w, https:\/\/brauchtumsverein-ndh.de\/wp-content\/uploads\/2019\/01\/image7.jpeg 720w\" sizes=\"auto, (max-width: 225px) 100vw, 225px\" \/><\/figure>\n\n\n\n<figure class=\"wp-block-image\"><img loading=\"lazy\" decoding=\"async\" width=\"300\" height=\"225\" src=\"http:\/\/brauchtumsverein-ndh.de\/wp-content\/uploads\/2016\/09\/2283DC5F-0BE0-4085-9EBF-39D0A84E77A6-300x225.jpeg\" alt=\"\" class=\"wp-image-321\" srcset=\"https:\/\/brauchtumsverein-ndh.de\/wp-content\/uploads\/2016\/09\/2283DC5F-0BE0-4085-9EBF-39D0A84E77A6-300x225.jpeg 300w, https:\/\/brauchtumsverein-ndh.de\/wp-content\/uploads\/2016\/09\/2283DC5F-0BE0-4085-9EBF-39D0A84E77A6-768x576.jpeg 768w, https:\/\/brauchtumsverein-ndh.de\/wp-content\/uploads\/2016\/09\/2283DC5F-0BE0-4085-9EBF-39D0A84E77A6-1024x768.jpeg 1024w, https:\/\/brauchtumsverein-ndh.de\/wp-content\/uploads\/2016\/09\/2283DC5F-0BE0-4085-9EBF-39D0A84E77A6.jpeg 2048w\" sizes=\"auto, (max-width: 300px) 100vw, 300px\" \/><\/figure>\n\n\n\n<figure class=\"wp-block-image\"><img loading=\"lazy\" decoding=\"async\" width=\"300\" height=\"225\" src=\"http:\/\/brauchtumsverein-ndh.de\/wp-content\/uploads\/2016\/09\/IMG_1549-e1477400526683-300x225-300x225.jpg\" alt=\"\" class=\"wp-image-150\"\/><\/figure>\n\n\n\n<figure class=\"wp-block-image\"><img loading=\"lazy\" decoding=\"async\" width=\"300\" height=\"225\" src=\"http:\/\/brauchtumsverein-ndh.de\/wp-content\/uploads\/2016\/09\/IMG_1556-1-e1477399727625-300x225-300x225.jpg\" alt=\"\" class=\"wp-image-151\"\/><\/figure>\n\n\n\n<figure class=\"wp-block-image\"><img loading=\"lazy\" decoding=\"async\" width=\"300\" height=\"225\" src=\"http:\/\/brauchtumsverein-ndh.de\/wp-content\/uploads\/2016\/09\/IMG_1559-1-e1477399752829-300x225-300x225.jpg\" alt=\"\" class=\"wp-image-152\"\/><\/figure>\n\n\n\n<figure class=\"wp-block-image\"><img loading=\"lazy\" decoding=\"async\" width=\"300\" height=\"225\" src=\"http:\/\/brauchtumsverein-ndh.de\/wp-content\/uploads\/2016\/09\/IMG_1562-1-e1477399781265-300x225-300x225.jpg\" alt=\"\" class=\"wp-image-153\"\/><\/figure>\n\n\n\n<figure class=\"wp-block-image\"><img loading=\"lazy\" decoding=\"async\" width=\"225\" height=\"300\" src=\"http:\/\/brauchtumsverein-ndh.de\/wp-content\/uploads\/2016\/09\/IMG_1566-1-e1477209202332-225x300-225x300.jpg\" alt=\"\" class=\"wp-image-155\"\/><\/figure>\n\n\n\n<figure class=\"wp-block-image\"><img loading=\"lazy\" decoding=\"async\" width=\"225\" height=\"300\" src=\"http:\/\/brauchtumsverein-ndh.de\/wp-content\/uploads\/2016\/09\/IMG_1575-e1477399695641-225x300-225x300.jpg\" alt=\"\" class=\"wp-image-156\"\/><\/figure>\n","protected":false},"excerpt":{"rendered":"<p>Eine typisch deutsche Tradition ist es Sauerkraut einzulegen. Das ist eine Form der Haltbarmachung von Wei\u00dfkohl, um gut \u00fcber den Winter zu kommen. Es braucht dazu lediglich erstklassigen Wei\u00dfkohl, Strunkmesser, Hobel, Salz, Stampfer und einen G\u00e4rtopf. Verfeinerungen u.a. durch Wacholderbeeren, <a class=\"more-link\" href=\"https:\/\/brauchtumsverein-ndh.de\/?p=1586\">weiterlesen&#8230;<\/a><\/p>\n","protected":false},"author":1,"featured_media":1597,"parent":48,"menu_order":21,"comment_status":"closed","ping_status":"closed","template":"","meta":{"footnotes":""},"class_list":["post-50","page","type-page","status-publish","has-post-thumbnail","hentry"],"_links":{"self":[{"href":"https:\/\/brauchtumsverein-ndh.de\/index.php?rest_route=\/wp\/v2\/pages\/50","targetHints":{"allow":["GET"]}}],"collection":[{"href":"https:\/\/brauchtumsverein-ndh.de\/index.php?rest_route=\/wp\/v2\/pages"}],"about":[{"href":"https:\/\/brauchtumsverein-ndh.de\/index.php?rest_route=\/wp\/v2\/types\/page"}],"author":[{"embeddable":true,"href":"https:\/\/brauchtumsverein-ndh.de\/index.php?rest_route=\/wp\/v2\/users\/1"}],"replies":[{"embeddable":true,"href":"https:\/\/brauchtumsverein-ndh.de\/index.php?rest_route=%2Fwp%2Fv2%2Fcomments&post=50"}],"version-history":[{"count":9,"href":"https:\/\/brauchtumsverein-ndh.de\/index.php?rest_route=\/wp\/v2\/pages\/50\/revisions"}],"predecessor-version":[{"id":38608,"href":"https:\/\/brauchtumsverein-ndh.de\/index.php?rest_route=\/wp\/v2\/pages\/50\/revisions\/38608"}],"up":[{"embeddable":true,"href":"https:\/\/brauchtumsverein-ndh.de\/index.php?rest_route=\/wp\/v2\/pages\/48"}],"wp:featuredmedia":[{"embeddable":true,"href":"https:\/\/brauchtumsverein-ndh.de\/index.php?rest_route=\/wp\/v2\/media\/1597"}],"wp:attachment":[{"href":"https:\/\/brauchtumsverein-ndh.de\/index.php?rest_route=%2Fwp%2Fv2%2Fmedia&parent=50"}],"curies":[{"name":"wp","href":"https:\/\/api.w.org\/{rel}","templated":true}]}}