{"id":821,"date":"2019-03-24T12:09:23","date_gmt":"2019-03-24T11:09:23","guid":{"rendered":"http:\/\/brauchtumsverein-ndh.de\/?page_id=821"},"modified":"2019-10-10T20:04:20","modified_gmt":"2019-10-10T18:04:20","slug":"hausmacher-wurst","status":"publish","type":"page","link":"https:\/\/brauchtumsverein-ndh.de\/?page_id=821","title":{"rendered":"Hausmacher Wurst"},"content":{"rendered":"Nach dem in der letzten Vorstandsitzung die Idee sich verst\u00e4rkte, Hausmacher Wurst selbst zu machen, wurden N\u00e4gel mit K\u00f6pfen gemacht. Andrea Mathes fand im Hessenbauer eine Anzeige \u00fcber den Verkauf eines Fleischwolfes und einer F\u00fcllmaschine in Volkmarsen. Der 1. Vorsitzende Thomas Henrich und seine Fahrerin Simone Gottschalk fuhren nach Nordhessen und konnten die Ger\u00e4tschaften unter Preis erwerben.\n\nSofort war als Termin der 13.03.2019 zum wursten im B\u00fcrgerzentrum festgemacht. Das gute Fleisch wurde vom Bauer Trapp in Stierstadt\u00a0geliefert und los ging es.<!-- [if !supportLists]--><!--[endif]--><!-- [if mso & !supportInlineShapes & supportFields]><span\nstyle='mso-element:field-begin;mso-field-lock:yes'><\/span>\n<figure><span\nstyle='mso-spacerun:yes'>\u00a0<\/span>SHAPE <span\nstyle='mso-spacerun:yes'>\u00a0<\/span>\\* MERGEFORMAT <span style='mso-element:field-separator'><\/span><![endif]--><!-- [if gte vml 1]><v:rect\n id=\"AutoShape_x0020_2\" o:spid=\"_x0000_s1028\" alt=\"http:\/\/brauchtumsverein-ndh.de\/wp-content\/uploads\/2019\/03\/F\u00fcllen-1-768x1024.jpg\"\n style='width:24pt;height:24pt;visibility:visible;mso-wrap-style:square;\n mso-left-percent:-10001;mso-top-percent:-10001;mso-position-horizontal:absolute;\n mso-position-horizontal-relative:char;mso-position-vertical:absolute;\n mso-position-vertical-relative:line;mso-left-percent:-10001;mso-top-percent:-10001;\n v-text-anchor:top' o:gfxdata=\"UEsDBBQABgAIAAAAIQC75UiUBQEAAB4CAAATAAAAW0NvbnRlbnRfVHlwZXNdLnhtbKSRvU7DMBSF\ndyTewfKKEqcMCKEmHfgZgaE8wMW+SSwc27JvS\/v23KTJgkoXFsu+P+c7Ol5vDoMTe0zZBl\/LVVlJ\ngV4HY31Xy4\/tS3EvRSbwBlzwWMsjZrlprq\/W22PELHjb51r2RPFBqax7HCCXIaLnThvSAMTP1KkI\n+gs6VLdVdad08ISeCho1ZLN+whZ2jsTzgcsnJwldluLxNDiyagkxOquB2Knae\/OLUsyEkjenmdzb\nmG\/YhlRnCWPnb8C898bRJGtQvEOiVxjYhtLOxs8AySiT4JuDystlVV4WPeM6tK3VaILeDZxIOSsu\nti\/jidNGNZ3\/J08yC1dNv9v8AAAA\/\/8DAFBLAwQUAAYACAAAACEArTA\/8cEAAAAyAQAACwAAAF9y\nZWxzLy5yZWxzhI\/NCsIwEITvgu8Q9m7TehCRpr2I4FX0AdZk2wbbJGTj39ubi6AgeJtl2G9m6vYx\njeJGka13CqqiBEFOe2Ndr+B03C3WIDihMzh6RwqexNA281l9oBFTfuLBBhaZ4ljBkFLYSMl6oAm5\n8IFcdjofJ0z5jL0MqC\/Yk1yW5UrGTwY0X0yxNwri3lQgjs+Qk\/+zfddZTVuvrxO59CNCmoj3vCwj\nMfaUFOjRhrPHaN4Wv0VV5OYgm1p+LW1eAAAA\/\/8DAFBLAwQUAAYACAAAACEAwc8yuiIDAADRBgAA\nHwAAAGNsaXBib2FyZC9kcmF3aW5ncy9kcmF3aW5nMS54bWykVdty2yAQfe9M\/4HhXZbkyBd5omQS\n2+p0Jm0zcfsBGLBFi0AFfEk7\/bO+9ce6IDl2kk4fEh7sBZbD2bO76PxyX0u05cYKrQqc9hKMuKKa\nCbUu8JfPZTTGyDqiGJFa8QLfc4svL96+OSeTtSFNJSgCBGUnpMCVc80kji2teE1sTzdcwd5Km5o4\nmJp1zAzZAXIt436SDOOaCIUvjlAz4gjaGPECKKnpN86mRG2JBUhJJ6crHUdJX49MJmr7zjSL5tZ4\n5vTj9tYgwQoMyilSg0Q47jY6N5jGT06tjwD7lam9v16t0D6g3PvfgMH3DlFYPEuycQL4FLY6u72j\n+vSPU7Sa\/\/cckGkvBeOEiG08DbV9HtnZIbKrjdOLijQc9TFi3FLzoOfSkA2t3Ka2UExcqEixqsd4\nvGsiqpXjysWbRmrCLKQ+zePkLC7\/\/JaSqyiNRsPxPk36We9rs35Q78DDNjeQW4uUnlZErfmVbTh1\nUKvA6rBkjN5VHMD9cqs3JKZFCNofwSBby90HzSBRBMIJ5ffyHDxoSSaNse4d1zXyRoENkAzgZHtj\nXcvp4BKE1qWQMqRRqkcLgNmuQPrhqN\/zhRD64mee5PPxfJxFWX84j7JkNouuymkWDct0NJidzabT\nWfrL35tmk0owxpW\/5tCjafaQsEOX1oIabfXK9aiuY6hCQfmhT32qkmOXWi0F83CekjXr5VQatCWy\nwGUYnfInbvFjGqERIJYnIaX9LLnu51E5HI+irMwGUT5KxhGUyXU+TLI8m5WPQ7oRir8+JLQrcD7o\nD0KWTkg\/iS0J43lsZFILxw2Soi4wtCeMtnZ9Ic4VC6l1RMjWPpHC0z9KAek+JBpM270rbr8I\/ej2\n15rde8GW8A\/FazQUF7wF0GZgVNr8wGgHL3GB7fcNMRwj+V5BH+RploGbC5NsMOrDxJzuLE93iKIA\nVWCHUWtOHczgyKYxYl3BTWmQSWn\/BqxEV9AtJ89OWrdw95KHqANzrtgtMeQOOEvo2wIzHs3mnY7g\nAcEeg9tYvmjuoGXaRmmjD3KA45PHPBztPj7+i3E6v\/gLAAD\/\/wMAUEsDBBQABgAIAAAAIQCSfYfg\nHQcAAEkgAAAaAAAAY2xpcGJvYXJkL3RoZW1lL3RoZW1lMS54bWzsWUtvGzcQvhfof1jsvbFkvWIj\ncmDJctzEL0RKihwpidplzF0uSMqObkVy6qVAgbTooQF666EoGqABGvTSH2PAQZv+iA65L1Ki4gdc\nIChsAcbu7DfD4czszOzwzt1nEfWOMReExW2\/eqviezgesTGJg7b\/aLD92W3fExLFY0RZjNv+DAv\/\n7sann9xB6yNKkiFDfDwIcYQ9EBSLddT2QymT9ZUVMQIyErdYgmN4NmE8QhJuebAy5ugEFojoymql\n0lyJEIn9DZAolaAehX+xFIoworyvxGAvRhGsfjCZkBHW2PFRVSHETHQp944Rbfsgc8xOBviZ9D2K\nhIQHbb+i\/\/yVjTsraD1jonIJr8G3rf8yvoxhfLSq1+TBsFi0Xm\/Um5uFfA2gchHXa\/WavWYhTwPQ\naAQ7TXWxZbZWu\/UMa4DSS4fsrdZWrWrhDfm1BZ03G+pn4TUolV9fwG9vd8GKFl6DUnxjAd\/orHW2\nbPkalOKbC\/hWZXOr3rLka1BISXy0gK40mrVuvtsCMmF0xwlfa9S3W6uZ8BIF0VBEl1piwmK5LNYi\n9JTxbQAoIEWSxJ6cJXiCRhCTXUTJkBNvlwQhBF6CYiaAXFmtbFdq8F\/96vpKexStY2RwK71AE7FA\nUvp4YsRJItv+fZDqG5Czt29Pn785ff776YsXp89\/zdbWoiy+HRQHJt\/7n77559WX3t+\/\/fj+5bfp\n0vN4YeLf\/fLVuz\/+\/JB42HFpirPvXr978\/rs+6\/\/+vmlQ\/omR0MTPiARFt4+PvEesgg26NAfD\/nl\nOAYhIibHZhwIFCO1ikN+T4YWen+GKHLgOti242MOqcYFvDd9aincD\/lUEofEB2FkAfcYox3GnVZ4\noNYyzDyYxoF7cT41cQ8ROnat3UWx5eXeNIEcS1wiuyG21DykKJYowDGWnnrGjjB27O4JIZZd98iI\nM8Em0ntCvA4iTpMMyNCKppJph0Tgl5lLQfC3ZZu9x16HUdeut\/CxjYR3A1GH8gNMLTPeQ1OJIpfI\nAYqoafBdJEOXkv0ZH5m4npDg6QBT5vXGWAgXzwGH\/RpOfwBpxu32PTqLbCSX5MglcxcxZiK32FE3\nRFHiwvZJHJrYz8URhCjyDpl0wfeY\/Yaoe\/ADipe6+zHBlrvPzwaPIMOaKpUBop5MucOX9zCz4rc\/\noxOEXalmk0dWit3kxBkdnWlghfYuxhSdoDHG3qPPHRp0WGLZvFT6fghZZQe7Aus+smNV3cdYYE83\nN4t5cpcIK2T7OGBL9NmbzSWeGYojxJdJ3gevmzbvQamLXAFwQEdHJnCfQL8H8eI0yoEAGUZwL5V6\nGCKrgKl74Y7XGbf8d5F3DN7Lp5YaF3gvgQdfmgcSu8nzQdsMELUWKANmgKDLcKVbYLHcX7Ko4qrZ\npk6+if3Slm6A7shqeiISn9sBzfU+jf+u94EO4+yHV46X7Xr6HbdgK1ldstNZlkx25vqbZbj5rqbL\n+Jh8\/E3NFprGhxjqyGLGuulpbnoa\/3\/f0yx7n286mWX9xk0n40OHcdPJZMOV6+lkyuYF+ho18EgH\nPXrsEy2d+kwIpX05o3hX6MGPgO+Z8TYQFZ+ebuJiCpiEcKnKHCxg4QKONI\/HmfyCyLAfogSmQ1Vf\nCQlEJjoQXsIEDI002Slb4ek02mPjdNhZrarBZlpZBZIlvdIo6DCokim62SoHeIV4rW2gB625Aor3\nMkoYi9lK1BxKtHKiMpIe64LRHEronV2LFmsOLW4r8bmrFrQA1QqvwAe3B5\/pbb9RBxZggnkcNOdj\n5afU1bl3tTOv09PLjGlFADTYeQSUnl5Tui7dntpdGmoX8LSlhBFuthLaMrrBEyF8BmfRqagXUeOy\nvl4rXWqpp0yh14PQKtVo3f6QFlf1NfDN5wYam5mCxt5J22\/WGhAyI5S0\/QkMjeEySiB2hPrmQjSA\n45aR5OkLf5XMknAht5AIU4PrpJNmg4hIzD1Koravtl+4gcY6h2jdqquQED5a5dYgrXxsyoHTbSfj\nyQSPpOl2g6Isnd5Chk9zhfOpZr86WHGyKbi7H45PvCGd8ocIQqzRqioDjomAs4Nqas0xgcOwIpGV\n8TdXmLK0a55G6RhK6YgmIcoqipnMU7hO5YU6+q6wgXGX7RkMapgkK4TDQBVY06hWNS2qRqrD0qp7\nPpOynJE0y5ppZRVVNd1ZzFohLwNztrxakTe0yk0MOc2s8Gnqnk+5a3mum+sTiioBBi\/s56i6FygI\nhmrlYpZqSuPFNKxydka1a0e+wXNUu0iRMLJ+Mxc7Z7eiRjiXA+KVKj\/wzUctkCZ5X6kt7TrY3kOJ\nNwyqbR8Ol2E4+Ayu4HjaB9qqoq0qGlzBmTOUi\/SguO1nFzkFnqeUAlPLKbUcU88p9ZzSyCmNnNLM\nKU3f0yeqcIqvDlN9Lz8whRqWHbBmvYV9+r\/xLwAAAP\/\/AwBQSwMEFAAGAAgAAAAhAJxmRkG7AAAA\nJAEAACoAAABjbGlwYm9hcmQvZHJhd2luZ3MvX3JlbHMvZHJhd2luZzEueG1sLnJlbHOEj80KwjAQ\nhO+C7xD2btJ6EJEmvYjQq9QHCMk2LTY\/JFHs2xvoRUHwsjCz7DezTfuyM3liTJN3HGpaAUGnvJ6c\n4XDrL7sjkJSl03L2DjksmKAV201zxVnmcpTGKSRSKC5xGHMOJ8aSGtHKRH1AVzaDj1bmIqNhQaq7\nNMj2VXVg8ZMB4otJOs0hdroG0i+hJP9n+2GYFJ69elh0+UcEy6UXFqCMBjMHSldnnTUtXYGJhn39\nJt4AAAD\/\/wMAUEsBAi0AFAAGAAgAAAAhALvlSJQFAQAAHgIAABMAAAAAAAAAAAAAAAAAAAAAAFtD\nb250ZW50X1R5cGVzXS54bWxQSwECLQAUAAYACAAAACEArTA\/8cEAAAAyAQAACwAAAAAAAAAAAAAA\nAAA2AQAAX3JlbHMvLnJlbHNQSwECLQAUAAYACAAAACEAwc8yuiIDAADRBgAAHwAAAAAAAAAAAAAA\nAAAgAgAAY2xpcGJvYXJkL2RyYXdpbmdzL2RyYXdpbmcxLnhtbFBLAQItABQABgAIAAAAIQCSfYfg\nHQcAAEkgAAAaAAAAAAAAAAAAAAAAAH8FAABjbGlwYm9hcmQvdGhlbWUvdGhlbWUxLnhtbFBLAQIt\nABQABgAIAAAAIQCcZkZBuwAAACQBAAAqAAAAAAAAAAAAAAAAANQMAABjbGlwYm9hcmQvZHJhd2lu\nZ3MvX3JlbHMvZHJhd2luZzEueG1sLnJlbHNQSwUGAAAAAAUABQBnAQAA1w0AAAAA\n\" filled=\"f\" stroked=\"f\">\n <o:lock v:ext=\"edit\" aspectratio=\"t\"\/>\n <w:wrap type=\"none\"\/>\n <w:anchorlock\/>\n<\/v:rect><![endif]--><!-- [if mso & !supportInlineShapes & supportFields]><v:shape\n id=\"_x0000_i1027\" type=\"#_x0000_t75\" style='width:24pt;height:24pt'>\n <v:imagedata croptop=\"-65520f\" cropbottom=\"65520f\"\/>\n<\/v:shape><span style='mso-element:field-end'><\/span><![endif]-->\n\n<!-- \/wp:post-content --><!-- wp:gallery {\"ids\":[812,811,810,813]} -->\n\n<!-- \/wp:gallery --><!-- wp:paragraph -->\n\nDas Ergebnis kann sich sehen lassen und vor allem schmecken die\u00a0Bratw\u00fcrstchen wunderbar. Beim n\u00e4chsten Brotbacktermin am 06.04.2019 sollen welche gegrillt werden. Wer also mal versuchen m\u00f6chte, melde sich bitte zum Brot backen an.\n\n<!-- \/wp:paragraph --><!--EndFragment-->\n\n<!-- wp:gallery {\"ids\":[813,812,811,804]} -->\n<ul class=\"wp-block-gallery columns-3 is-cropped\">\n \t<li class=\"blocks-gallery-item\">\n<figure><img loading=\"lazy\" decoding=\"async\" width=\"768\" height=\"1024\" class=\"wp-image-813\" src=\"http:\/\/brauchtumsverein-ndh.de\/wp-content\/uploads\/2019\/03\/W\u00fcrstenchen-mit-Gruppe-1-768x1024.jpg\" alt=\"\" data-id=\"813\" data-link=\"http:\/\/brauchtumsverein-ndh.de\/?attachment_id=813\" srcset=\"https:\/\/brauchtumsverein-ndh.de\/wp-content\/uploads\/2019\/03\/W\u00fcrstenchen-mit-Gruppe-1-768x1024.jpg 768w, https:\/\/brauchtumsverein-ndh.de\/wp-content\/uploads\/2019\/03\/W\u00fcrstenchen-mit-Gruppe-1-225x300.jpg 225w, https:\/\/brauchtumsverein-ndh.de\/wp-content\/uploads\/2019\/03\/W\u00fcrstenchen-mit-Gruppe-1.jpg 1200w\" sizes=\"auto, (max-width: 768px) 100vw, 768px\" \/>\n<figcaption>Endergebnis<\/figcaption><\/figure>\n<\/li>\n \t<li class=\"blocks-gallery-item\">\n<figure><img loading=\"lazy\" decoding=\"async\" width=\"768\" height=\"1024\" class=\"wp-image-812\" src=\"http:\/\/brauchtumsverein-ndh.de\/wp-content\/uploads\/2019\/03\/Wursten-1-768x1024.jpg\" alt=\"\" data-id=\"812\" data-link=\"http:\/\/brauchtumsverein-ndh.de\/?attachment_id=812\" srcset=\"https:\/\/brauchtumsverein-ndh.de\/wp-content\/uploads\/2019\/03\/Wursten-1-768x1024.jpg 768w, https:\/\/brauchtumsverein-ndh.de\/wp-content\/uploads\/2019\/03\/Wursten-1-225x300.jpg 225w, https:\/\/brauchtumsverein-ndh.de\/wp-content\/uploads\/2019\/03\/Wursten-1.jpg 1200w\" sizes=\"auto, (max-width: 768px) 100vw, 768px\" \/>\n\n<figcaption>Wurst mengen<\/figcaption><\/figure>\n<\/li>\n \t<li class=\"blocks-gallery-item\">\n<figure><img loading=\"lazy\" decoding=\"async\" width=\"768\" height=\"1024\" class=\"wp-image-811\" src=\"http:\/\/brauchtumsverein-ndh.de\/wp-content\/uploads\/2019\/03\/F\u00fcllen-1-768x1024.jpg\" alt=\"\" data-id=\"811\" data-link=\"http:\/\/brauchtumsverein-ndh.de\/?attachment_id=811\" srcset=\"https:\/\/brauchtumsverein-ndh.de\/wp-content\/uploads\/2019\/03\/F\u00fcllen-1-768x1024.jpg 768w, https:\/\/brauchtumsverein-ndh.de\/wp-content\/uploads\/2019\/03\/F\u00fcllen-1-225x300.jpg 225w, https:\/\/brauchtumsverein-ndh.de\/wp-content\/uploads\/2019\/03\/F\u00fcllen-1.jpg 1200w\" sizes=\"auto, (max-width: 768px) 100vw, 768px\" \/>\n\n<figcaption>Darmf\u00fcllung<\/figcaption><\/figure>\n<\/li>\n \t<li class=\"blocks-gallery-item\">\n<figure><img loading=\"lazy\" decoding=\"async\" width=\"768\" height=\"1024\" class=\"wp-image-804\" src=\"http:\/\/brauchtumsverein-ndh.de\/wp-content\/uploads\/2019\/03\/Darmf\u00fcllung-768x1024.jpg\" alt=\"\" data-id=\"804\" data-link=\"http:\/\/brauchtumsverein-ndh.de\/?attachment_id=804\" srcset=\"https:\/\/brauchtumsverein-ndh.de\/wp-content\/uploads\/2019\/03\/Darmf\u00fcllung-768x1024.jpg 768w, https:\/\/brauchtumsverein-ndh.de\/wp-content\/uploads\/2019\/03\/Darmf\u00fcllung-225x300.jpg 225w, https:\/\/brauchtumsverein-ndh.de\/wp-content\/uploads\/2019\/03\/Darmf\u00fcllung.jpg 1200w\" sizes=\"auto, (max-width: 768px) 100vw, 768px\" \/><\/figure>\n<\/li>\n<\/ul>\n<!-- \/wp:gallery -->","protected":false},"excerpt":{"rendered":"<p>Nach dem in der letzten Vorstandsitzung die Idee sich verst\u00e4rkte, Hausmacher Wurst selbst zu machen, wurden N\u00e4gel mit K\u00f6pfen gemacht. Andrea Mathes fand im Hessenbauer eine Anzeige \u00fcber den Verkauf eines Fleischwolfes und einer F\u00fcllmaschine in Volkmarsen. Der 1. Vorsitzende <a class=\"more-link\" href=\"https:\/\/brauchtumsverein-ndh.de\/?page_id=821\">weiterlesen&#8230;<\/a><\/p>\n","protected":false},"author":10,"featured_media":0,"parent":48,"menu_order":27,"comment_status":"closed","ping_status":"closed","template":"","meta":{"footnotes":""},"class_list":["post-821","page","type-page","status-publish","hentry"],"_links":{"self":[{"href":"https:\/\/brauchtumsverein-ndh.de\/index.php?rest_route=\/wp\/v2\/pages\/821","targetHints":{"allow":["GET"]}}],"collection":[{"href":"https:\/\/brauchtumsverein-ndh.de\/index.php?rest_route=\/wp\/v2\/pages"}],"about":[{"href":"https:\/\/brauchtumsverein-ndh.de\/index.php?rest_route=\/wp\/v2\/types\/page"}],"author":[{"embeddable":true,"href":"https:\/\/brauchtumsverein-ndh.de\/index.php?rest_route=\/wp\/v2\/users\/10"}],"replies":[{"embeddable":true,"href":"https:\/\/brauchtumsverein-ndh.de\/index.php?rest_route=%2Fwp%2Fv2%2Fcomments&post=821"}],"version-history":[{"count":3,"href":"https:\/\/brauchtumsverein-ndh.de\/index.php?rest_route=\/wp\/v2\/pages\/821\/revisions"}],"predecessor-version":[{"id":1489,"href":"https:\/\/brauchtumsverein-ndh.de\/index.php?rest_route=\/wp\/v2\/pages\/821\/revisions\/1489"}],"up":[{"embeddable":true,"href":"https:\/\/brauchtumsverein-ndh.de\/index.php?rest_route=\/wp\/v2\/pages\/48"}],"wp:attachment":[{"href":"https:\/\/brauchtumsverein-ndh.de\/index.php?rest_route=%2Fwp%2Fv2%2Fmedia&parent=821"}],"curies":[{"name":"wp","href":"https:\/\/api.w.org\/{rel}","templated":true}]}}