{"id":823,"date":"2019-03-24T12:10:05","date_gmt":"2019-03-24T11:10:05","guid":{"rendered":"http:\/\/brauchtumsverein-ndh.de\/?page_id=823"},"modified":"2019-04-11T19:18:57","modified_gmt":"2019-04-11T17:18:57","slug":"butterherstellung","status":"publish","type":"page","link":"https:\/\/brauchtumsverein-ndh.de\/?page_id=823","title":{"rendered":"Butterherstellung"},"content":{"rendered":"\n<p>Von der Milch zur Butter h\u00f6rt sich einfahc an, ist es aber nicht. Unglaublich wie viel Liter Milch ben\u00f6tigt wird, um ein wenig Butter zu erzeugen. Der Brauchtumsverein l\u00e4sst Butter mit Muskelkraft entstehen. Besonders die Kinder haben bviel Freude daran und sind \u00fcber die M\u00fche \u00fcberrascht. Nat\u00fcrlich aber auch \u00fcber den leckeren Geschmack echter Butter, die nicht zum &#8222;streichweich&#8220; ver\u00e4ndert wurde, sondern streichfest ist.<\/p>\n\n\n\n<ul class=\"wp-block-gallery columns-3 is-cropped wp-block-gallery-1 is-layout-flex wp-block-gallery-is-layout-flex\"><li class=\"blocks-gallery-item\"><figure><img loading=\"lazy\" decoding=\"async\" width=\"530\" height=\"1024\" src=\"http:\/\/brauchtumsverein-ndh.de\/wp-content\/uploads\/2019\/03\/Butter-streichen-530x1024.jpg\" alt=\"\" data-id=\"840\" data-link=\"http:\/\/brauchtumsverein-ndh.de\/?attachment_id=840\" class=\"wp-image-840\" srcset=\"https:\/\/brauchtumsverein-ndh.de\/wp-content\/uploads\/2019\/03\/Butter-streichen-530x1024.jpg 530w, https:\/\/brauchtumsverein-ndh.de\/wp-content\/uploads\/2019\/03\/Butter-streichen-155x300.jpg 155w, https:\/\/brauchtumsverein-ndh.de\/wp-content\/uploads\/2019\/03\/Butter-streichen-768x1483.jpg 768w, https:\/\/brauchtumsverein-ndh.de\/wp-content\/uploads\/2019\/03\/Butter-streichen.jpg 833w\" sizes=\"auto, (max-width: 530px) 100vw, 530px\" \/><figcaption>Gerhard beim aufstreichen<\/figcaption><\/figure><\/li><li class=\"blocks-gallery-item\"><figure><img loading=\"lazy\" decoding=\"async\" width=\"649\" height=\"1024\" src=\"http:\/\/brauchtumsverein-ndh.de\/wp-content\/uploads\/2019\/03\/Butter-649x1024.jpg\" alt=\"\" data-id=\"841\" data-link=\"http:\/\/brauchtumsverein-ndh.de\/?attachment_id=841\" class=\"wp-image-841\" srcset=\"https:\/\/brauchtumsverein-ndh.de\/wp-content\/uploads\/2019\/03\/Butter-649x1024.jpg 649w, https:\/\/brauchtumsverein-ndh.de\/wp-content\/uploads\/2019\/03\/Butter-190x300.jpg 190w, https:\/\/brauchtumsverein-ndh.de\/wp-content\/uploads\/2019\/03\/Butter-768x1212.jpg 768w, https:\/\/brauchtumsverein-ndh.de\/wp-content\/uploads\/2019\/03\/Butter.jpg 1242w\" sizes=\"auto, (max-width: 649px) 100vw, 649px\" \/><figcaption>Zentrifuge mit Handkurbel<\/figcaption><\/figure><\/li><li class=\"blocks-gallery-item\"><figure><img loading=\"lazy\" decoding=\"async\" width=\"884\" height=\"716\" src=\"http:\/\/brauchtumsverein-ndh.de\/wp-content\/uploads\/2019\/03\/Milch.jpg\" alt=\"\" data-id=\"842\" data-link=\"http:\/\/brauchtumsverein-ndh.de\/?attachment_id=842\" class=\"wp-image-842\" srcset=\"https:\/\/brauchtumsverein-ndh.de\/wp-content\/uploads\/2019\/03\/Milch.jpg 884w, https:\/\/brauchtumsverein-ndh.de\/wp-content\/uploads\/2019\/03\/Milch-300x243.jpg 300w, https:\/\/brauchtumsverein-ndh.de\/wp-content\/uploads\/2019\/03\/Milch-768x622.jpg 768w\" sizes=\"auto, (max-width: 884px) 100vw, 884px\" \/><figcaption>Milchkannen<\/figcaption><\/figure><\/li><\/ul>\n\n\n\n<p>Ein weiterer Artikel zum Thema finden Sie in der Rubrik Presse<\/p>\n","protected":false},"excerpt":{"rendered":"<p>Von der Milch zur Butter h\u00f6rt sich einfahc an, ist es aber nicht. Unglaublich wie viel Liter Milch ben\u00f6tigt wird, um ein wenig Butter zu erzeugen. Der Brauchtumsverein l\u00e4sst Butter mit Muskelkraft entstehen. Besonders die Kinder haben bviel Freude daran <a class=\"more-link\" href=\"https:\/\/brauchtumsverein-ndh.de\/?page_id=823\">weiterlesen&#8230;<\/a><\/p>\n","protected":false},"author":10,"featured_media":0,"parent":48,"menu_order":28,"comment_status":"closed","ping_status":"closed","template":"","meta":{"footnotes":""},"class_list":["post-823","page","type-page","status-publish","hentry"],"_links":{"self":[{"href":"https:\/\/brauchtumsverein-ndh.de\/index.php?rest_route=\/wp\/v2\/pages\/823","targetHints":{"allow":["GET"]}}],"collection":[{"href":"https:\/\/brauchtumsverein-ndh.de\/index.php?rest_route=\/wp\/v2\/pages"}],"about":[{"href":"https:\/\/brauchtumsverein-ndh.de\/index.php?rest_route=\/wp\/v2\/types\/page"}],"author":[{"embeddable":true,"href":"https:\/\/brauchtumsverein-ndh.de\/index.php?rest_route=\/wp\/v2\/users\/10"}],"replies":[{"embeddable":true,"href":"https:\/\/brauchtumsverein-ndh.de\/index.php?rest_route=%2Fwp%2Fv2%2Fcomments&post=823"}],"version-history":[{"count":3,"href":"https:\/\/brauchtumsverein-ndh.de\/index.php?rest_route=\/wp\/v2\/pages\/823\/revisions"}],"predecessor-version":[{"id":910,"href":"https:\/\/brauchtumsverein-ndh.de\/index.php?rest_route=\/wp\/v2\/pages\/823\/revisions\/910"}],"up":[{"embeddable":true,"href":"https:\/\/brauchtumsverein-ndh.de\/index.php?rest_route=\/wp\/v2\/pages\/48"}],"wp:attachment":[{"href":"https:\/\/brauchtumsverein-ndh.de\/index.php?rest_route=%2Fwp%2Fv2%2Fmedia&parent=823"}],"curies":[{"name":"wp","href":"https:\/\/api.w.org\/{rel}","templated":true}]}}